{"id":21611,"date":"2024-01-11T10:29:52","date_gmt":"2024-01-11T10:29:52","guid":{"rendered":"https:\/\/motokary-karting.sk\/?post_type=product&#038;p=21611"},"modified":"2024-02-13T08:33:03","modified_gmt":"2024-02-13T08:33:03","slug":"startovaci-rukojet-kabelu-bluebird","status":"publish","type":"product","link":"https:\/\/motokary-karting.sk\/cz\/produkt\/uchyt-na-start-kabel-bluebird\/","title":{"rendered":"Rukoje\u0165 pro startov\u00e1n\u00ed kabelu Bluebird"},"content":{"rendered":"","protected":false},"excerpt":{"rendered":"","protected":false},"featured_media":21612,"template":"","meta":[],"product_brand":[],"product_cat":[3214,1642,3325],"product_tag":[3217,2361,3216,142,1344,81],"class_list":{"0":"post-21611","1":"product","2":"type-product","3":"status-publish","4":"has-post-thumbnail","6":"product_cat-bluebird-nahradne-diely-na-motory","7":"product_cat-karburatory-prislusenstvo","8":"product_cat-ostatne-bluebird-nahradne-diely-na-motory","9":"product_tag-bluebird-karburator","10":"product_tag-diely-na-motokary","11":"product_tag-karburator-bluebird","12":"product_tag-karting","13":"product_tag-karting-shop","14":"product_tag-motokary","16":"first","17":"onbackorder","18":"taxable","19":"shipping-taxable","20":"purchasable","21":"product-type-simple","22":"customify-col"},"aioseo_notices":[],"_links":{"self":[{"href":"https:\/\/motokary-karting.sk\/cz\/wp-json\/wp\/v2\/product\/21611","targetHints":{"allow":["GET"]}}],"collection":[{"href":"https:\/\/motokary-karting.sk\/cz\/wp-json\/wp\/v2\/product"}],"about":[{"href":"https:\/\/motokary-karting.sk\/cz\/wp-json\/wp\/v2\/types\/product"}],"wp:featuredmedia":[{"embeddable":true,"href":"https:\/\/motokary-karting.sk\/cz\/wp-json\/wp\/v2\/media\/21612"}],"wp:attachment":[{"href":"https:\/\/motokary-karting.sk\/cz\/wp-json\/wp\/v2\/media?parent=21611"}],"wp:term":[{"taxonomy":"product_brand","embeddable":true,"href":"https:\/\/motokary-karting.sk\/cz\/wp-json\/wp\/v2\/product_brand?post=21611"},{"taxonomy":"product_cat","embeddable":true,"href":"https:\/\/motokary-karting.sk\/cz\/wp-json\/wp\/v2\/product_cat?post=21611"},{"taxonomy":"product_tag","embeddable":true,"href":"https:\/\/motokary-karting.sk\/cz\/wp-json\/wp\/v2\/product_tag?post=21611"}],"curies":[{"name":"wp","href":"https:\/\/api.w.org\/{rel}","templated":true}]}}