{"id":21656,"date":"2024-02-07T05:58:36","date_gmt":"2024-02-07T05:58:36","guid":{"rendered":"https:\/\/motokary-karting.sk\/?post_type=product&#038;p=21656"},"modified":"2026-02-11T10:49:57","modified_gmt":"2026-02-11T10:49:57","slug":"kombinezy-alpinestars-kmx5-v3","status":"publish","type":"product","link":"https:\/\/motokary-karting.sk\/cz\/produkt\/alpinestars-kombineza-kmx5-v3\/","title":{"rendered":"Kombin\u00e9za Alpinestars KMX5 v3"},"content":{"rendered":"<p>Alpinestars KMX5 v3 je v\u0161estrann\u00e1 motok\u00e1rov\u00e1 kombin\u00e9za, kter\u00e1 nab\u00edz\u00ed pilotovi motok\u00e1ry pohodl\u00ed, dob\u0159e padnouc\u00ed st\u0159ih a sportovn\u00ed, elegantn\u00ed vzhled. P\u0159i v\u00fdvoji kombin\u00e9zy KMX5 v3 byl kladen zvl\u00e1\u0161tn\u00ed d\u016fraz na dobrou termoregulaci. Lok\u00e1ln\u00ed perforace na strategick\u00fdch m\u00edstech zaji\u0161\u0165uj\u00ed optim\u00e1ln\u00ed odv\u011btr\u00e1v\u00e1n\u00ed.<\/p>\n<p>Stre\u010dov\u00e1 vlo\u017eka v zadn\u00ed \u010d\u00e1sti pro vynikaj\u00edc\u00ed pohyblivost a vy\u0161\u0161\u00ed flexibilitu a t\u0159\u00edvrstv\u00e1 materi\u00e1lov\u00e1 konstrukce s pod\u0161\u00edvkou odv\u00e1d\u011bj\u00edc\u00ed vlhkost mluv\u00ed samy za sebe. Homologace FIA 8877-2022.<\/p>","protected":false},"excerpt":{"rendered":"<p>Alpinestars KMX5 v3 je v\u0161estrann\u00e1 motok\u00e1rov\u00e1 kombin\u00e9za, kter\u00e1 nab\u00edz\u00ed pilotovi motok\u00e1ry pohodl\u00ed, dob\u0159e padnouc\u00ed st\u0159ih a sportovn\u00ed, elegantn\u00ed vzhled. P\u0159i v\u00fdvoji kombin\u00e9zy KMX5 v3 byl kladen zvl\u00e1\u0161tn\u00ed d\u016fraz na...<\/p>","protected":false},"featured_media":21703,"template":"","meta":[],"product_brand":[],"product_cat":[84,22,18],"product_tag":[3265,2834,2832,142,2833,2658,482,1258,81,2088],"class_list":{"0":"post-21656","1":"product","2":"type-product","3":"status-publish","4":"has-post-thumbnail","6":"product_cat-alpinestars-kombinezy","7":"product_cat-kombinezy","8":"product_cat-vybava-pretekara","9":"product_tag-alpinestars-kmx-5","10":"product_tag-alpinestars-kmx9-v2-graph3","11":"product_tag-alpinestars-kombineza-kmx5","12":"product_tag-karting","13":"product_tag-karting-alpinestars","14":"product_tag-karting-pezinok","15":"product_tag-kombineza-na-motokary","16":"product_tag-motokarova-kombineza","17":"product_tag-motokary","18":"product_tag-overal-na-motokaru","20":"first","21":"onbackorder","22":"taxable","23":"shipping-taxable","24":"purchasable","25":"product-type-variable","26":"customify-col","27":"product-has-gallery"},"aioseo_notices":[],"_links":{"self":[{"href":"https:\/\/motokary-karting.sk\/cz\/wp-json\/wp\/v2\/product\/21656","targetHints":{"allow":["GET"]}}],"collection":[{"href":"https:\/\/motokary-karting.sk\/cz\/wp-json\/wp\/v2\/product"}],"about":[{"href":"https:\/\/motokary-karting.sk\/cz\/wp-json\/wp\/v2\/types\/product"}],"wp:featuredmedia":[{"embeddable":true,"href":"https:\/\/motokary-karting.sk\/cz\/wp-json\/wp\/v2\/media\/21703"}],"wp:attachment":[{"href":"https:\/\/motokary-karting.sk\/cz\/wp-json\/wp\/v2\/media?parent=21656"}],"wp:term":[{"taxonomy":"product_brand","embeddable":true,"href":"https:\/\/motokary-karting.sk\/cz\/wp-json\/wp\/v2\/product_brand?post=21656"},{"taxonomy":"product_cat","embeddable":true,"href":"https:\/\/motokary-karting.sk\/cz\/wp-json\/wp\/v2\/product_cat?post=21656"},{"taxonomy":"product_tag","embeddable":true,"href":"https:\/\/motokary-karting.sk\/cz\/wp-json\/wp\/v2\/product_tag?post=21656"}],"curies":[{"name":"wp","href":"https:\/\/api.w.org\/{rel}","templated":true}]}}