{"id":21749,"date":"2024-02-15T10:16:29","date_gmt":"2024-02-15T10:16:29","guid":{"rendered":"https:\/\/motokary-karting.sk\/?post_type=product&#038;p=21749"},"modified":"2026-01-19T13:41:54","modified_gmt":"2026-01-19T13:41:54","slug":"motor-rotax-max-evo-samostatny-motor-bez-prislusenstvi","status":"publish","type":"product","link":"https:\/\/motokary-karting.sk\/cz\/produkt\/motor-rotax-max-evo-samostatny-motor-bez-prislusenstva\/","title":{"rendered":"Motor Rotax MAX SENIOR EVO - samostatn\u00fd motor bez p\u0159\u00edslu\u0161enstv\u00ed"},"content":{"rendered":"<div class=\"wc-single-tabs woocommerce-tabs wc-tabs-wrapper wc-tabs-horizontal\">\n<div class=\"wc-tabs-contents\">\n<div id=\"tab-description\" class=\"woocommerce-Tabs-panel woocommerce-Tabs-panel--description panel entry-content wc-tab\" role=\"tabpanel\" aria-labelledby=\"tab-title-description\">\n<p>bez elektroniky, bez karbur\u00e1toru a filtru, bez v\u00fdfuku a bez ve\u0161ker\u00e9ho p\u0159\u00edslu\u0161enstv\u00ed<\/p>\n<\/div>\n<\/div>\n<\/div>\n<section class=\"related products\"><\/section>","protected":false},"excerpt":{"rendered":"<p>bez elektroniky, bez karbur\u00e1toru a filtru, bez v\u00fdfuku a bez ve\u0161ker\u00e9ho p\u0159\u00edslu\u0161enstv\u00ed<\/p>","protected":false},"featured_media":7850,"template":"","meta":[],"product_brand":[],"product_cat":[17,1911],"product_tag":[68,142,1344,1912,81,1916,1913,1915,1924,1925,1918,1923],"class_list":{"0":"post-21749","1":"product","2":"type-product","3":"status-publish","4":"has-post-thumbnail","6":"product_cat-motory","7":"product_cat-rotax","8":"product_tag-engines","9":"product_tag-karting","10":"product_tag-karting-shop","11":"product_tag-motokarovy-motor","12":"product_tag-motokary","13":"product_tag-motor-micro-max-rotax","14":"product_tag-motor-na-motokaru","15":"product_tag-motor-rotax","16":"product_tag-motor-rotax-max-senior","17":"product_tag-motor-rotax-senior-max","18":"product_tag-predaj-motorov-rotax","19":"product_tag-rotax-max-senior","21":"first","22":"onbackorder","23":"taxable","24":"shipping-taxable","25":"purchasable","26":"product-type-simple","27":"customify-col"},"aioseo_notices":[],"_links":{"self":[{"href":"https:\/\/motokary-karting.sk\/cz\/wp-json\/wp\/v2\/product\/21749","targetHints":{"allow":["GET"]}}],"collection":[{"href":"https:\/\/motokary-karting.sk\/cz\/wp-json\/wp\/v2\/product"}],"about":[{"href":"https:\/\/motokary-karting.sk\/cz\/wp-json\/wp\/v2\/types\/product"}],"wp:featuredmedia":[{"embeddable":true,"href":"https:\/\/motokary-karting.sk\/cz\/wp-json\/wp\/v2\/media\/7850"}],"wp:attachment":[{"href":"https:\/\/motokary-karting.sk\/cz\/wp-json\/wp\/v2\/media?parent=21749"}],"wp:term":[{"taxonomy":"product_brand","embeddable":true,"href":"https:\/\/motokary-karting.sk\/cz\/wp-json\/wp\/v2\/product_brand?post=21749"},{"taxonomy":"product_cat","embeddable":true,"href":"https:\/\/motokary-karting.sk\/cz\/wp-json\/wp\/v2\/product_cat?post=21749"},{"taxonomy":"product_tag","embeddable":true,"href":"https:\/\/motokary-karting.sk\/cz\/wp-json\/wp\/v2\/product_tag?post=21749"}],"curies":[{"name":"wp","href":"https:\/\/api.w.org\/{rel}","templated":true}]}}