{"id":21752,"date":"2024-02-15T13:04:04","date_gmt":"2024-02-15T13:04:04","guid":{"rendered":"https:\/\/motokary-karting.sk\/?post_type=product&#038;p=21752"},"modified":"2026-03-08T16:54:15","modified_gmt":"2026-03-08T16:54:15","slug":"ram-vesty-sparco-martini-racing-2024","status":"publish","type":"product","link":"https:\/\/motokary-karting.sk\/cz\/produkt\/sparco-vesta-frame-martini-racing-2024\/","title":{"rendered":"Sparco Vesta FRAME Martini Racing 2024"},"content":{"rendered":"<p>Pod\u0161it\u00e1 pro\u0161\u00edvan\u00e1 vesta Sparco ve sportovn\u00edm jednoduch\u00e9m stylu MARTINI RACING s aplikovan\u00fdmi n\u00e1\u0161ivkami loga. Vodoodpudiv\u00fd vrchn\u00ed materi\u00e1l. Se dv\u011bma bo\u010dn\u00edmi kapsami na zip a jednou vnit\u0159n\u00ed kapsou.<\/p>\n<p>Vn\u011bj\u0161\u00ed materi\u00e1l a v\u00fdpl\u0148: polyester 100%<br \/>\nVnit\u0159n\u00ed pod\u0161\u00edvka: nylon 100%<\/p>","protected":false},"excerpt":{"rendered":"<p>Pod\u0161it\u00e1 pro\u0161\u00edvan\u00e1 vesta Sparco ve sportovn\u00edm jednoduch\u00e9m stylu MARTINI RACING s aplikovan\u00fdmi n\u00e1\u0161ivkami loga. Vodoodpudiv\u00fd vrchn\u00ed materi\u00e1l. Se dv\u011bma bo\u010dn\u00edmi kapsami na zip a...<\/p>","protected":false},"featured_media":21765,"template":"","meta":[],"product_brand":[],"product_cat":[32,1458,1045],"product_tag":[1728,142,1344,1421,81,1049,2000,26,2001,1048,258,1999,1050,1046,1047],"class_list":{"0":"post-21752","1":"product","2":"type-product","3":"status-publish","4":"has-post-thumbnail","6":"product_cat-lifestyle-oblecenie-a-produkty-na-volny-cas","7":"product_cat-martini-racing","8":"product_cat-vesty","9":"product_tag-kart-shop","10":"product_tag-karting","11":"product_tag-karting-shop","12":"product_tag-martini-racing","13":"product_tag-motokary","14":"product_tag-panska-vesta","15":"product_tag-panska-vesta-martini","16":"product_tag-sparco","17":"product_tag-sparco-martini","18":"product_tag-sparco-vesta","19":"product_tag-vesta","20":"product_tag-vesta-martini-racing","21":"product_tag-vesta-pre-muzov","22":"product_tag-vesta-sparco","23":"product_tag-vesta-sparco-frame","25":"first","26":"onbackorder","27":"taxable","28":"shipping-taxable","29":"purchasable","30":"product-type-variable","31":"customify-col","32":"product-has-gallery"},"aioseo_notices":[],"_links":{"self":[{"href":"https:\/\/motokary-karting.sk\/cz\/wp-json\/wp\/v2\/product\/21752","targetHints":{"allow":["GET"]}}],"collection":[{"href":"https:\/\/motokary-karting.sk\/cz\/wp-json\/wp\/v2\/product"}],"about":[{"href":"https:\/\/motokary-karting.sk\/cz\/wp-json\/wp\/v2\/types\/product"}],"wp:featuredmedia":[{"embeddable":true,"href":"https:\/\/motokary-karting.sk\/cz\/wp-json\/wp\/v2\/media\/21765"}],"wp:attachment":[{"href":"https:\/\/motokary-karting.sk\/cz\/wp-json\/wp\/v2\/media?parent=21752"}],"wp:term":[{"taxonomy":"product_brand","embeddable":true,"href":"https:\/\/motokary-karting.sk\/cz\/wp-json\/wp\/v2\/product_brand?post=21752"},{"taxonomy":"product_cat","embeddable":true,"href":"https:\/\/motokary-karting.sk\/cz\/wp-json\/wp\/v2\/product_cat?post=21752"},{"taxonomy":"product_tag","embeddable":true,"href":"https:\/\/motokary-karting.sk\/cz\/wp-json\/wp\/v2\/product_tag?post=21752"}],"curies":[{"name":"wp","href":"https:\/\/api.w.org\/{rel}","templated":true}]}}