{"id":21774,"date":"2024-02-15T13:46:37","date_gmt":"2024-02-15T13:46:37","guid":{"rendered":"https:\/\/motokary-karting.sk\/?post_type=product&#038;p=21774"},"modified":"2024-02-26T11:40:51","modified_gmt":"2024-02-26T11:40:51","slug":"zvonovy-batoh","status":"publish","type":"product","link":"https:\/\/motokary-karting.sk\/cz\/produkt\/bell-ruksak\/","title":{"rendered":"Batoh BELL"},"content":{"rendered":"<p>Sportovn\u00ed batoh ve sv\u00e9 t\u0159\u00edd\u011b s integrovanou p\u0159ihr\u00e1dkou na notebook\/tablet (a\u017e 15\u2033) a polstrovan\u00fdmi ramenn\u00edmi popruhy. Obzvl\u00e1\u0161t\u011b praktick\u00fd d\u00edky n\u011bkolika odd\u011blen\u00fdm p\u0159ihr\u00e1dk\u00e1m na zip.<\/p>\n<p>Rozm\u011bry: 32 x 24 x 50 cm<br \/>\nObjem: 20 litr\u016f<\/p>","protected":false},"excerpt":{"rendered":"<p>Dod\u00e1n\u00ed do 7 dn\u016f<\/p>","protected":false},"featured_media":21775,"template":"","meta":[],"product_brand":[],"product_cat":[32,734,1579,18],"product_tag":[963,3327,3326,733,81,730,731,728,729],"class_list":{"0":"post-21774","1":"product","2":"type-product","3":"status-publish","4":"has-post-thumbnail","6":"product_cat-lifestyle-oblecenie-a-produkty-na-volny-cas","7":"product_cat-ruksaky-tasky-na-prilby","8":"product_cat-tasky-na-prilby","9":"product_cat-vybava-pretekara","10":"product_tag-bell","11":"product_tag-bell-backpack","12":"product_tag-bell-ruksak","13":"product_tag-kartimg","14":"product_tag-motokary","15":"product_tag-ruksak","16":"product_tag-ruksak-na-prilbu","17":"product_tag-taska-na-helmu","18":"product_tag-taska-na-prilbu","20":"first","21":"onbackorder","22":"taxable","23":"shipping-taxable","24":"purchasable","25":"product-type-simple","26":"customify-col"},"aioseo_notices":[],"_links":{"self":[{"href":"https:\/\/motokary-karting.sk\/cz\/wp-json\/wp\/v2\/product\/21774","targetHints":{"allow":["GET"]}}],"collection":[{"href":"https:\/\/motokary-karting.sk\/cz\/wp-json\/wp\/v2\/product"}],"about":[{"href":"https:\/\/motokary-karting.sk\/cz\/wp-json\/wp\/v2\/types\/product"}],"wp:featuredmedia":[{"embeddable":true,"href":"https:\/\/motokary-karting.sk\/cz\/wp-json\/wp\/v2\/media\/21775"}],"wp:attachment":[{"href":"https:\/\/motokary-karting.sk\/cz\/wp-json\/wp\/v2\/media?parent=21774"}],"wp:term":[{"taxonomy":"product_brand","embeddable":true,"href":"https:\/\/motokary-karting.sk\/cz\/wp-json\/wp\/v2\/product_brand?post=21774"},{"taxonomy":"product_cat","embeddable":true,"href":"https:\/\/motokary-karting.sk\/cz\/wp-json\/wp\/v2\/product_cat?post=21774"},{"taxonomy":"product_tag","embeddable":true,"href":"https:\/\/motokary-karting.sk\/cz\/wp-json\/wp\/v2\/product_tag?post=21774"}],"curies":[{"name":"wp","href":"https:\/\/api.w.org\/{rel}","templated":true}]}}