{"id":2199,"date":"2020-08-10T20:12:54","date_gmt":"2020-08-10T20:12:54","guid":{"rendered":"https:\/\/motokary-karting.sk\/?post_type=product&#038;p=2199"},"modified":"2025-06-11T09:17:29","modified_gmt":"2025-06-11T09:17:29","slug":"tyc-pro-montaz-pneumatik","status":"publish","type":"product","link":"https:\/\/motokary-karting.sk\/cz\/produkt\/montazna-tyc-na-pneu\/","title":{"rendered":"Mont\u00e1\u017en\u00ed li\u0161ta pneumatiky"},"content":{"rendered":"","protected":false},"excerpt":{"rendered":"","protected":false},"featured_media":2200,"template":"","meta":[],"product_brand":[],"product_cat":[3360,58],"product_tag":[142,2732,552,2733,81,2659,554,1698,553,2734],"class_list":{"0":"post-2199","1":"product","2":"type-product","3":"status-publish","4":"has-post-thumbnail","6":"product_cat-ostatne-vybava-do-garaze","7":"product_cat-vybava-do-garaze","8":"product_tag-karting","9":"product_tag-monjtazna-tyc-na-gumy","10":"product_tag-montazna-tyc","11":"product_tag-montazna-tyc-na-pneu","12":"product_tag-motokary","13":"product_tag-motokary-pezinok","14":"product_tag-pacisdlo-pneu","15":"product_tag-predajna-motokar","16":"product_tag-tyc-na-pneu","17":"product_tag-tyc-na-pneumatiky","19":"first","20":"instock","21":"sale","22":"taxable","23":"shipping-taxable","24":"purchasable","25":"product-type-simple","26":"customify-col"},"aioseo_notices":[],"_links":{"self":[{"href":"https:\/\/motokary-karting.sk\/cz\/wp-json\/wp\/v2\/product\/2199","targetHints":{"allow":["GET"]}}],"collection":[{"href":"https:\/\/motokary-karting.sk\/cz\/wp-json\/wp\/v2\/product"}],"about":[{"href":"https:\/\/motokary-karting.sk\/cz\/wp-json\/wp\/v2\/types\/product"}],"wp:featuredmedia":[{"embeddable":true,"href":"https:\/\/motokary-karting.sk\/cz\/wp-json\/wp\/v2\/media\/2200"}],"wp:attachment":[{"href":"https:\/\/motokary-karting.sk\/cz\/wp-json\/wp\/v2\/media?parent=2199"}],"wp:term":[{"taxonomy":"product_brand","embeddable":true,"href":"https:\/\/motokary-karting.sk\/cz\/wp-json\/wp\/v2\/product_brand?post=2199"},{"taxonomy":"product_cat","embeddable":true,"href":"https:\/\/motokary-karting.sk\/cz\/wp-json\/wp\/v2\/product_cat?post=2199"},{"taxonomy":"product_tag","embeddable":true,"href":"https:\/\/motokary-karting.sk\/cz\/wp-json\/wp\/v2\/product_tag?post=2199"}],"curies":[{"name":"wp","href":"https:\/\/api.w.org\/{rel}","templated":true}]}}