{"id":22038,"date":"2024-02-22T11:49:55","date_gmt":"2024-02-22T11:49:55","guid":{"rendered":"https:\/\/motokary-karting.sk\/?post_type=product&#038;p=22038"},"modified":"2026-02-11T10:44:40","modified_gmt":"2026-02-11T10:44:40","slug":"kombinezy-sparco-sprint","status":"publish","type":"product","link":"https:\/\/motokary-karting.sk\/cz\/produkt\/sparco-sprint-kombineza\/","title":{"rendered":"Kombin\u00e9za Sparco Sprint - posledn\u00ed kus - velikost 52"},"content":{"rendered":"<p>Z\u00e1vodn\u00ed oblek z\u00e1kladn\u00ed cenov\u00e9 kategorie ve sv\u011btl\u00e9m sportovn\u00edm designu. Nov\u00e1 v\u00fdvojov\u00e1 \u00farove\u0148 kombin\u00e9zy SPRINT zaujme nejen skv\u011bl\u00fdm komfortem p\u0159i no\u0161en\u00ed a propracovan\u00fdmi vlastnostmi materi\u00e1lu, ale tak\u00e9 dobr\u00fdm st\u0159ihem.<\/p>\n<p>Optim\u00e1ln\u00ed volnost pohybu d\u00edky vlo\u017ek\u00e1m z pru\u017en\u00e9ho stre\u010dov\u00e9ho materi\u00e1lu. Ultralehk\u00e9, p\u0159il\u00e9hav\u00e9 man\u017eety na rukou a nohou. N\u00e1ramen\u00edky typick\u00e9 pro motoristick\u00fd sport jsou zachov\u00e1ny velmi ploch\u00e9, tak\u017ee syst\u00e9m HANS se nos\u00ed mnohem pohodln\u011bji. Sparco SPRINT nab\u00edz\u00ed osv\u011bd\u010denou kvalitu Sparco p\u0159i vynikaj\u00edc\u00edm pom\u011bru cena\/v\u00fdkon.<\/p>","protected":false},"excerpt":{"rendered":"<p>Z\u00e1vodn\u00ed oblek z\u00e1kladn\u00ed cenov\u00e9 kategorie ve sv\u011btl\u00e9m sportovn\u00edm designu. Nov\u00e1 evolu\u010dn\u00ed \u00farove\u0148 kombin\u00e9zy SPRINT zaujme nejen skv\u011bl\u00fdm komfortem p\u0159i no\u0161en\u00ed a propracovan\u00fdmi vlastnostmi materi\u00e1lu, ale tak\u00e9...<\/p>","protected":false},"featured_media":30729,"template":"","meta":[],"product_brand":[],"product_cat":[22,98,18],"product_tag":[142,1344,85,482,1255,1258,81,2083,2085,26,1257,3328,1256,100,2084],"class_list":{"0":"post-22038","1":"product","2":"type-product","3":"status-publish","4":"has-post-thumbnail","6":"product_cat-kombinezy","7":"product_cat-sparco-kombinezy","8":"product_cat-vybava-pretekara","9":"product_tag-karting","10":"product_tag-karting-shop","11":"product_tag-kombineza","12":"product_tag-kombineza-na-motokary","13":"product_tag-kombineza-sparco-thunder","14":"product_tag-motokarova-kombineza","15":"product_tag-motokary","16":"product_tag-overal-sparco-thunder","17":"product_tag-saprco-shop","18":"product_tag-sparco","19":"product_tag-sparco-kombineza-thunder","20":"product_tag-sparco-prime-k-advanced","21":"product_tag-sparco-thunder","22":"product_tag-thunder","23":"product_tag-thunder-sparco","25":"first","26":"instock","27":"sale","28":"taxable","29":"shipping-taxable","30":"purchasable","31":"product-type-variable","32":"customify-col","33":"product-has-gallery"},"aioseo_notices":[],"_links":{"self":[{"href":"https:\/\/motokary-karting.sk\/cz\/wp-json\/wp\/v2\/product\/22038","targetHints":{"allow":["GET"]}}],"collection":[{"href":"https:\/\/motokary-karting.sk\/cz\/wp-json\/wp\/v2\/product"}],"about":[{"href":"https:\/\/motokary-karting.sk\/cz\/wp-json\/wp\/v2\/types\/product"}],"wp:featuredmedia":[{"embeddable":true,"href":"https:\/\/motokary-karting.sk\/cz\/wp-json\/wp\/v2\/media\/30729"}],"wp:attachment":[{"href":"https:\/\/motokary-karting.sk\/cz\/wp-json\/wp\/v2\/media?parent=22038"}],"wp:term":[{"taxonomy":"product_brand","embeddable":true,"href":"https:\/\/motokary-karting.sk\/cz\/wp-json\/wp\/v2\/product_brand?post=22038"},{"taxonomy":"product_cat","embeddable":true,"href":"https:\/\/motokary-karting.sk\/cz\/wp-json\/wp\/v2\/product_cat?post=22038"},{"taxonomy":"product_tag","embeddable":true,"href":"https:\/\/motokary-karting.sk\/cz\/wp-json\/wp\/v2\/product_tag?post=22038"}],"curies":[{"name":"wp","href":"https:\/\/api.w.org\/{rel}","templated":true}]}}