{"id":2213,"date":"2020-08-10T20:41:41","date_gmt":"2020-08-10T20:41:41","guid":{"rendered":"https:\/\/motokary-karting.sk\/?post_type=product&#038;p=2213"},"modified":"2026-01-28T19:58:28","modified_gmt":"2026-01-28T19:58:28","slug":"ovladani-tlakoveho-cerpadla-na-karburatoru","status":"publish","type":"product","link":"https:\/\/motokary-karting.sk\/cz\/produkt\/kontrolna-tlakova-pumpa-na-karburator\/","title":{"rendered":"Kontrola tlakov\u00e9ho \u010derpadla pro karbur\u00e1tor"},"content":{"rendered":"","protected":false},"excerpt":{"rendered":"","protected":false},"featured_media":2214,"template":"","meta":[],"product_brand":[],"product_cat":[3360,58],"product_tag":[142,566,81,565,567],"class_list":{"0":"post-2213","1":"product","2":"type-product","3":"status-publish","4":"has-post-thumbnail","6":"product_cat-ostatne-vybava-do-garaze","7":"product_cat-vybava-do-garaze","8":"product_tag-karting","9":"product_tag-kontrolna-tlakova-pumpa-na-karrburator","10":"product_tag-motokary","11":"product_tag-pumpa","12":"product_tag-tlakova-pumpa-na-karburator","14":"first","15":"instock","16":"taxable","17":"shipping-taxable","18":"purchasable","19":"product-type-simple","20":"customify-col","21":"product-has-gallery"},"aioseo_notices":[],"_links":{"self":[{"href":"https:\/\/motokary-karting.sk\/cz\/wp-json\/wp\/v2\/product\/2213","targetHints":{"allow":["GET"]}}],"collection":[{"href":"https:\/\/motokary-karting.sk\/cz\/wp-json\/wp\/v2\/product"}],"about":[{"href":"https:\/\/motokary-karting.sk\/cz\/wp-json\/wp\/v2\/types\/product"}],"wp:featuredmedia":[{"embeddable":true,"href":"https:\/\/motokary-karting.sk\/cz\/wp-json\/wp\/v2\/media\/2214"}],"wp:attachment":[{"href":"https:\/\/motokary-karting.sk\/cz\/wp-json\/wp\/v2\/media?parent=2213"}],"wp:term":[{"taxonomy":"product_brand","embeddable":true,"href":"https:\/\/motokary-karting.sk\/cz\/wp-json\/wp\/v2\/product_brand?post=2213"},{"taxonomy":"product_cat","embeddable":true,"href":"https:\/\/motokary-karting.sk\/cz\/wp-json\/wp\/v2\/product_cat?post=2213"},{"taxonomy":"product_tag","embeddable":true,"href":"https:\/\/motokary-karting.sk\/cz\/wp-json\/wp\/v2\/product_tag?post=2213"}],"curies":[{"name":"wp","href":"https:\/\/api.w.org\/{rel}","templated":true}]}}