{"id":2218,"date":"2020-08-10T20:45:00","date_gmt":"2020-08-10T20:45:00","guid":{"rendered":"https:\/\/motokary-karting.sk\/?post_type=product&#038;p=2218"},"modified":"2026-04-21T05:07:11","modified_gmt":"2026-04-21T05:07:11","slug":"michaci-misa-s-vylevkou-5l","status":"publish","type":"product","link":"https:\/\/motokary-karting.sk\/cz\/produkt\/zmiesavacia-nadoba-s-nalievacikom-5l\/","title":{"rendered":"M\u00edchac\u00ed n\u00e1doba (s n\u00e1levkou) 5 l"},"content":{"rendered":"","protected":false},"excerpt":{"rendered":"","protected":false},"featured_media":9135,"template":"","meta":[],"product_brand":[],"product_cat":[3360,58],"product_tag":[142,1344,568,81,569],"class_list":{"0":"post-2218","1":"product","2":"type-product","3":"status-publish","4":"has-post-thumbnail","6":"product_cat-ostatne-vybava-do-garaze","7":"product_cat-vybava-do-garaze","8":"product_tag-karting","9":"product_tag-karting-shop","10":"product_tag-measuring-cup","11":"product_tag-motokary","12":"product_tag-zmiesavacia-nadoba","14":"first","15":"instock","16":"taxable","17":"shipping-taxable","18":"purchasable","19":"product-type-simple","20":"customify-col","21":"product-has-gallery"},"aioseo_notices":[],"_links":{"self":[{"href":"https:\/\/motokary-karting.sk\/cz\/wp-json\/wp\/v2\/product\/2218","targetHints":{"allow":["GET"]}}],"collection":[{"href":"https:\/\/motokary-karting.sk\/cz\/wp-json\/wp\/v2\/product"}],"about":[{"href":"https:\/\/motokary-karting.sk\/cz\/wp-json\/wp\/v2\/types\/product"}],"wp:featuredmedia":[{"embeddable":true,"href":"https:\/\/motokary-karting.sk\/cz\/wp-json\/wp\/v2\/media\/9135"}],"wp:attachment":[{"href":"https:\/\/motokary-karting.sk\/cz\/wp-json\/wp\/v2\/media?parent=2218"}],"wp:term":[{"taxonomy":"product_brand","embeddable":true,"href":"https:\/\/motokary-karting.sk\/cz\/wp-json\/wp\/v2\/product_brand?post=2218"},{"taxonomy":"product_cat","embeddable":true,"href":"https:\/\/motokary-karting.sk\/cz\/wp-json\/wp\/v2\/product_cat?post=2218"},{"taxonomy":"product_tag","embeddable":true,"href":"https:\/\/motokary-karting.sk\/cz\/wp-json\/wp\/v2\/product_tag?post=2218"}],"curies":[{"name":"wp","href":"https:\/\/api.w.org\/{rel}","templated":true}]}}