{"id":22201,"date":"2024-02-22T13:12:08","date_gmt":"2024-02-22T13:12:08","guid":{"rendered":"https:\/\/motokary-karting.sk\/?post_type=product&#038;p=22201"},"modified":"2026-02-11T11:07:05","modified_gmt":"2026-02-11T11:07:05","slug":"sportovni-obuv-omp","status":"publish","type":"product","link":"https:\/\/motokary-karting.sk\/cz\/produkt\/omp-topanky-sport\/","title":{"rendered":"Obuv OMP Sport"},"content":{"rendered":"<p>Pevn\u00e1 z\u00e1kladn\u00ed obuv OMP driver SPORT - kvalita a v\u00fdkon omezen\u00e9 na to nejnutn\u011bj\u0161\u00ed. Svr\u0161ek obuvi je vyroben z m\u011bkk\u00e9ho, hebk\u00e9ho a lehk\u00e9ho materi\u00e1lu z mikrovl\u00e1kna. D\u00edky st\u0159edn\u00edmu st\u0159ihu a vysok\u00e9mu \u0161n\u011brov\u00e1n\u00ed je kotn\u00edk optim\u00e1ln\u011b obepnut.<\/p>","protected":false},"excerpt":{"rendered":"<p>Pevn\u00e1 z\u00e1kladn\u00ed obuv OMP driver SPORT - kvalita a v\u00fdkon omezen\u00e9 na to nejnutn\u011bj\u0161\u00ed. Svr\u0161ek obuvi je vyroben z m\u011bkk\u00e9ho, jemn\u00e9ho a lehk\u00e9ho materi\u00e1lu, kter\u00fd je odoln\u00fd v\u016f\u010di...<\/p>","protected":false},"featured_media":22271,"template":"","meta":[],"product_brand":[],"product_cat":[92,28,18],"product_tag":[1728,142,1344,1727,235,940,81,1586,25,1826,1828,1587,1825,1076,87,1585,1827],"class_list":{"0":"post-22201","1":"product","2":"type-product","3":"status-publish","4":"has-post-thumbnail","6":"product_cat-omp-topanky","7":"product_cat-topanky","8":"product_cat-vybava-pretekara","9":"product_tag-kart-shop","10":"product_tag-karting","11":"product_tag-karting-shop","12":"product_tag-kartingove-topanky","13":"product_tag-ks-3","14":"product_tag-motokarove-topanky","15":"product_tag-motokary","16":"product_tag-obuv-na-motokaru","17":"product_tag-omp","18":"product_tag-omp-dealer","19":"product_tag-omp-ks-3","20":"product_tag-omp-motokara","21":"product_tag-omp-shop","22":"product_tag-omp-topanky","23":"product_tag-topanky","24":"product_tag-topanky-na-motokaru","25":"product_tag-topanky-omp","27":"first","28":"instock","29":"sale","30":"taxable","31":"shipping-taxable","32":"purchasable","33":"product-type-variable","34":"customify-col","35":"product-has-gallery"},"aioseo_notices":[],"_links":{"self":[{"href":"https:\/\/motokary-karting.sk\/cz\/wp-json\/wp\/v2\/product\/22201","targetHints":{"allow":["GET"]}}],"collection":[{"href":"https:\/\/motokary-karting.sk\/cz\/wp-json\/wp\/v2\/product"}],"about":[{"href":"https:\/\/motokary-karting.sk\/cz\/wp-json\/wp\/v2\/types\/product"}],"wp:featuredmedia":[{"embeddable":true,"href":"https:\/\/motokary-karting.sk\/cz\/wp-json\/wp\/v2\/media\/22271"}],"wp:attachment":[{"href":"https:\/\/motokary-karting.sk\/cz\/wp-json\/wp\/v2\/media?parent=22201"}],"wp:term":[{"taxonomy":"product_brand","embeddable":true,"href":"https:\/\/motokary-karting.sk\/cz\/wp-json\/wp\/v2\/product_brand?post=22201"},{"taxonomy":"product_cat","embeddable":true,"href":"https:\/\/motokary-karting.sk\/cz\/wp-json\/wp\/v2\/product_cat?post=22201"},{"taxonomy":"product_tag","embeddable":true,"href":"https:\/\/motokary-karting.sk\/cz\/wp-json\/wp\/v2\/product_tag?post=22201"}],"curies":[{"name":"wp","href":"https:\/\/api.w.org\/{rel}","templated":true}]}}