{"id":2223,"date":"2020-08-10T20:47:17","date_gmt":"2020-08-10T20:47:17","guid":{"rendered":"https:\/\/motokary-karting.sk\/?post_type=product&#038;p=2223"},"modified":"2026-03-30T10:48:24","modified_gmt":"2026-03-30T10:48:24","slug":"kartac-na-svicky-3-rady-280-mm","status":"publish","type":"product","link":"https:\/\/motokary-karting.sk\/cz\/produkt\/dratena-kefa-na-sviecky-3-radova-280mm\/","title":{"rendered":"Dr\u00e1t\u011bn\u00fd t\u0159\u00ed\u0159ad\u00fd kart\u00e1\u010d na sv\u00ed\u010dky 280 mm"},"content":{"rendered":"","protected":false},"excerpt":{"rendered":"","protected":false},"featured_media":8605,"template":"","meta":[],"product_brand":[],"product_cat":[3360,58],"product_tag":[570,571,142,1344,81],"class_list":{"0":"post-2223","1":"product","2":"type-product","3":"status-publish","4":"has-post-thumbnail","6":"product_cat-ostatne-vybava-do-garaze","7":"product_cat-vybava-do-garaze","8":"product_tag-dratena-kefa","9":"product_tag-dratena-kefa-na-sviecky","10":"product_tag-karting","11":"product_tag-karting-shop","12":"product_tag-motokary","14":"first","15":"instock","16":"taxable","17":"shipping-taxable","18":"purchasable","19":"product-type-simple","20":"customify-col"},"aioseo_notices":[],"_links":{"self":[{"href":"https:\/\/motokary-karting.sk\/cz\/wp-json\/wp\/v2\/product\/2223","targetHints":{"allow":["GET"]}}],"collection":[{"href":"https:\/\/motokary-karting.sk\/cz\/wp-json\/wp\/v2\/product"}],"about":[{"href":"https:\/\/motokary-karting.sk\/cz\/wp-json\/wp\/v2\/types\/product"}],"wp:featuredmedia":[{"embeddable":true,"href":"https:\/\/motokary-karting.sk\/cz\/wp-json\/wp\/v2\/media\/8605"}],"wp:attachment":[{"href":"https:\/\/motokary-karting.sk\/cz\/wp-json\/wp\/v2\/media?parent=2223"}],"wp:term":[{"taxonomy":"product_brand","embeddable":true,"href":"https:\/\/motokary-karting.sk\/cz\/wp-json\/wp\/v2\/product_brand?post=2223"},{"taxonomy":"product_cat","embeddable":true,"href":"https:\/\/motokary-karting.sk\/cz\/wp-json\/wp\/v2\/product_cat?post=2223"},{"taxonomy":"product_tag","embeddable":true,"href":"https:\/\/motokary-karting.sk\/cz\/wp-json\/wp\/v2\/product_tag?post=2223"}],"curies":[{"name":"wp","href":"https:\/\/api.w.org\/{rel}","templated":true}]}}