{"id":2225,"date":"2020-08-10T20:50:52","date_gmt":"2020-08-10T20:50:52","guid":{"rendered":"https:\/\/motokary-karting.sk\/?post_type=product&#038;p=2225"},"modified":"2026-03-30T10:45:56","modified_gmt":"2026-03-30T10:45:56","slug":"typ-219-stahovak-retezu","status":"publish","type":"product","link":"https:\/\/motokary-karting.sk\/cz\/produkt\/stahovak-na-retaz-typu-219\/","title":{"rendered":"\u0158et\u011bzov\u00e1 fr\u00e9za typ 219"},"content":{"rendered":"","protected":false},"excerpt":{"rendered":"","protected":false},"featured_media":2226,"template":"","meta":[],"product_brand":[],"product_cat":[58],"product_tag":[142,81,572,573,574],"class_list":{"0":"post-2225","1":"product","2":"type-product","3":"status-publish","4":"has-post-thumbnail","6":"product_cat-vybava-do-garaze","7":"product_tag-karting","8":"product_tag-motokary","9":"product_tag-puller","10":"product_tag-puller-for-chain","11":"product_tag-puller-for-chain-219","13":"first","14":"instock","15":"taxable","16":"shipping-taxable","17":"purchasable","18":"product-type-simple","19":"customify-col"},"aioseo_notices":[],"_links":{"self":[{"href":"https:\/\/motokary-karting.sk\/cz\/wp-json\/wp\/v2\/product\/2225","targetHints":{"allow":["GET"]}}],"collection":[{"href":"https:\/\/motokary-karting.sk\/cz\/wp-json\/wp\/v2\/product"}],"about":[{"href":"https:\/\/motokary-karting.sk\/cz\/wp-json\/wp\/v2\/types\/product"}],"wp:featuredmedia":[{"embeddable":true,"href":"https:\/\/motokary-karting.sk\/cz\/wp-json\/wp\/v2\/media\/2226"}],"wp:attachment":[{"href":"https:\/\/motokary-karting.sk\/cz\/wp-json\/wp\/v2\/media?parent=2225"}],"wp:term":[{"taxonomy":"product_brand","embeddable":true,"href":"https:\/\/motokary-karting.sk\/cz\/wp-json\/wp\/v2\/product_brand?post=2225"},{"taxonomy":"product_cat","embeddable":true,"href":"https:\/\/motokary-karting.sk\/cz\/wp-json\/wp\/v2\/product_cat?post=2225"},{"taxonomy":"product_tag","embeddable":true,"href":"https:\/\/motokary-karting.sk\/cz\/wp-json\/wp\/v2\/product_tag?post=2225"}],"curies":[{"name":"wp","href":"https:\/\/api.w.org\/{rel}","templated":true}]}}