{"id":22299,"date":"2025-04-02T15:14:53","date_gmt":"2025-04-02T15:14:53","guid":{"rendered":"https:\/\/motokary-karting.sk\/?post_type=product&#038;p=22299"},"modified":"2026-03-04T10:03:21","modified_gmt":"2026-03-04T10:03:21","slug":"plne-samoobsluzny-motokarovy-vozik","status":"publish","type":"product","link":"https:\/\/motokary-karting.sk\/cz\/produkt\/vozik-na-motokaru-plne-samoobsluzny\/","title":{"rendered":"Motok\u00e1rov\u00fd voz\u00edk \u00daPLN\u011a SAMOSTATN\u00dd - Transform\u00e1tor"},"content":{"rendered":"<p>Um\u00ed nalo\u017eit a vylo\u017eit motok\u00e1ru bez pomoci dal\u0161\u00ed osoby<\/p>\n<p>ZNA\u010cKOV\u00dd V\u00ddROBEK !<\/p>\n<p>&nbsp;<\/p>\n<p>Nejnov\u011bj\u0161\u00ed jedine\u010dn\u00fd voz\u00edk na motok\u00e1ry, kter\u00fd m\u00e1 v\u0161echny fantastick\u00e9 v\u00fdhody na\u0161ich ostatn\u00edch voz\u00edk\u016f a nav\u00edc 2 diagon\u00e1ln\u00ed polohy, co\u017e je ide\u00e1ln\u00ed pro ka\u017ed\u00e9ho mechanika. Vyrobeno z oceli, s velk\u00fdmi pevn\u00fdmi polyuretanov\u00fdmi koly, hmotnost 17 kg. Lze pou\u017e\u00edt na v\u0161ech podvozc\u00edch homologovan\u00fdch CIK\/FIA.<br \/>\nVynikaj\u00edc\u00ed stabilita a ovladatelnost. Maxim\u00e1ln\u00ed index zat\u00ed\u017een\u00ed je 120 kg.<br \/>\nPlastov\u00fd box na n\u00e1\u0159ad\u00ed ABS je sou\u010d\u00e1st\u00ed ceny. K dispozici v \u010dern\u00e9 barv\u011b.<\/p>","protected":false},"excerpt":{"rendered":"<p>Motok\u00e1ru je mo\u017en\u00e9 nakl\u00e1dat a vykl\u00e1dat bez pomoci dal\u0161\u00ed osoby ZNA\u010cKOV\u00dd V\u00ddROBEK !   Nejnov\u011bj\u0161\u00ed jedine\u010dn\u00fd voz\u00edk na motok\u00e1ry, kter\u00fd m\u00e1 v\u0161echny fantastick\u00e9 v\u00fdhody na\u0161ich ostatn\u00edch voz\u00edk\u016f....<\/p>","protected":false},"featured_media":33207,"template":"","meta":[],"product_brand":[],"product_cat":[2447,58],"product_tag":[142,1344,2120,2449,2007,81,2448,108,2006],"class_list":{"0":"post-22299","1":"product","2":"type-product","3":"status-publish","4":"has-post-thumbnail","6":"product_cat-vozikynamotokary","7":"product_cat-vybava-do-garaze","8":"product_tag-karting","9":"product_tag-karting-shop","10":"product_tag-kolesovy-vozik","11":"product_tag-kolesovy-vozik-na-motokary","12":"product_tag-motokarovy-vozik","13":"product_tag-motokary","14":"product_tag-stojan-na-motokaru","15":"product_tag-vozik","16":"product_tag-vozik-na-motokaru","18":"first","19":"onbackorder","20":"sale","21":"taxable","22":"shipping-taxable","23":"purchasable","24":"product-type-simple","25":"customify-col","26":"product-has-gallery"},"aioseo_notices":[],"_links":{"self":[{"href":"https:\/\/motokary-karting.sk\/cz\/wp-json\/wp\/v2\/product\/22299","targetHints":{"allow":["GET"]}}],"collection":[{"href":"https:\/\/motokary-karting.sk\/cz\/wp-json\/wp\/v2\/product"}],"about":[{"href":"https:\/\/motokary-karting.sk\/cz\/wp-json\/wp\/v2\/types\/product"}],"wp:featuredmedia":[{"embeddable":true,"href":"https:\/\/motokary-karting.sk\/cz\/wp-json\/wp\/v2\/media\/33207"}],"wp:attachment":[{"href":"https:\/\/motokary-karting.sk\/cz\/wp-json\/wp\/v2\/media?parent=22299"}],"wp:term":[{"taxonomy":"product_brand","embeddable":true,"href":"https:\/\/motokary-karting.sk\/cz\/wp-json\/wp\/v2\/product_brand?post=22299"},{"taxonomy":"product_cat","embeddable":true,"href":"https:\/\/motokary-karting.sk\/cz\/wp-json\/wp\/v2\/product_cat?post=22299"},{"taxonomy":"product_tag","embeddable":true,"href":"https:\/\/motokary-karting.sk\/cz\/wp-json\/wp\/v2\/product_tag?post=22299"}],"curies":[{"name":"wp","href":"https:\/\/api.w.org\/{rel}","templated":true}]}}