{"id":22303,"date":"2025-04-05T15:26:13","date_gmt":"2025-04-05T15:26:13","guid":{"rendered":"https:\/\/motokary-karting.sk\/?post_type=product&#038;p=22303"},"modified":"2026-04-27T07:34:04","modified_gmt":"2026-04-27T07:34:04","slug":"plne-samoobsluzny-motokarovy-vozik-2","status":"publish","type":"product","link":"https:\/\/motokary-karting.sk\/cz\/produkt\/vozik-na-motokaru-plne-samoobsluzny-2\/","title":{"rendered":"Motok\u00e1rov\u00fd voz\u00edk pln\u011b samo\u010dinn\u00fd - Duty"},"content":{"rendered":"<p>Um\u00ed nalo\u017eit a vylo\u017eit motok\u00e1ru bez pomoci dal\u0161\u00ed osoby<\/p>\n<p>ZNA\u010cKOV\u00dd V\u00ddROBEK !<\/p>\n<p>&nbsp;<\/p>\n<p>Zvedac\u00ed voz\u00edk LIFTED pro jednu osobu. Vyroben z oceli, s velk\u00fdmi pevn\u00fdmi polyuretanov\u00fdmi koly, hmotnost 23 kg, lze pou\u017e\u00edt na v\u0161ech podvozc\u00edch homologovan\u00fdch CIK\/FIA. Vynikaj\u00edc\u00ed stabilita a man\u00e9vrovatelnost. Kompletn\u00ed voz\u00edk je zes\u00edlen\u00fd, m\u016f\u017ee zvedat i podvozky PROKART (je t\u0159eba horn\u00ed n\u00e1stavec), elektrick\u00e9 motok\u00e1ry Rotax Thunder... Index zat\u00ed\u017een\u00ed je 170 kg. Plastov\u00fd box na n\u00e1\u0159ad\u00ed z ABS je v cen\u011b.<\/p>\n<p><strong>V\u00ddROBEK NEN\u00cd POU\u017dITELN\u00dd PRO NEJMEN\u0160\u00cd D\u011aTSK\u00c9 MOTOK\u00c1RY. Pro MINI-KART JE POT\u0158EBN\u00c9 DOPLNIT PODKLADY POD N\u00c1RAZN\u00cdK - informujte se u n\u00e1s.<\/strong><\/p>","protected":false},"excerpt":{"rendered":"<p>Motok\u00e1ru je mo\u017en\u00e9 nakl\u00e1dat a vykl\u00e1dat bez pomoci dal\u0161\u00ed osoby ZNA\u010cKOV\u00dd V\u00ddROBEK !   POU\u017dIT\u00dd zvedac\u00ed voz\u00edk pro jednu osobu. Vyroben z oceli, s velk\u00fdm pevn\u00fdm dr\u017e\u00e1kem....<\/p>","protected":false},"featured_media":33209,"template":"","meta":[],"product_brand":[],"product_cat":[2447,58],"product_tag":[142,1344,2120,2449,2007,81,2448,108,2006],"class_list":{"0":"post-22303","1":"product","2":"type-product","3":"status-publish","4":"has-post-thumbnail","6":"product_cat-vozikynamotokary","7":"product_cat-vybava-do-garaze","8":"product_tag-karting","9":"product_tag-karting-shop","10":"product_tag-kolesovy-vozik","11":"product_tag-kolesovy-vozik-na-motokary","12":"product_tag-motokarovy-vozik","13":"product_tag-motokary","14":"product_tag-stojan-na-motokaru","15":"product_tag-vozik","16":"product_tag-vozik-na-motokaru","18":"first","19":"onbackorder","20":"sale","21":"taxable","22":"shipping-taxable","23":"purchasable","24":"product-type-simple","25":"customify-col"},"aioseo_notices":[],"_links":{"self":[{"href":"https:\/\/motokary-karting.sk\/cz\/wp-json\/wp\/v2\/product\/22303","targetHints":{"allow":["GET"]}}],"collection":[{"href":"https:\/\/motokary-karting.sk\/cz\/wp-json\/wp\/v2\/product"}],"about":[{"href":"https:\/\/motokary-karting.sk\/cz\/wp-json\/wp\/v2\/types\/product"}],"wp:featuredmedia":[{"embeddable":true,"href":"https:\/\/motokary-karting.sk\/cz\/wp-json\/wp\/v2\/media\/33209"}],"wp:attachment":[{"href":"https:\/\/motokary-karting.sk\/cz\/wp-json\/wp\/v2\/media?parent=22303"}],"wp:term":[{"taxonomy":"product_brand","embeddable":true,"href":"https:\/\/motokary-karting.sk\/cz\/wp-json\/wp\/v2\/product_brand?post=22303"},{"taxonomy":"product_cat","embeddable":true,"href":"https:\/\/motokary-karting.sk\/cz\/wp-json\/wp\/v2\/product_cat?post=22303"},{"taxonomy":"product_tag","embeddable":true,"href":"https:\/\/motokary-karting.sk\/cz\/wp-json\/wp\/v2\/product_tag?post=22303"}],"curies":[{"name":"wp","href":"https:\/\/api.w.org\/{rel}","templated":true}]}}