{"id":22312,"date":"2024-02-26T09:45:36","date_gmt":"2024-02-26T09:45:36","guid":{"rendered":"https:\/\/motokary-karting.sk\/?post_type=product&#038;p=22312"},"modified":"2025-08-29T13:51:32","modified_gmt":"2025-08-29T13:51:32","slug":"vega-sada-pneumatik-4ks-slick-xh4-cik-predni-4-6-2x-2x-zadni-7-1","status":"publish","type":"product","link":"https:\/\/motokary-karting.sk\/cz\/produkt\/vega-sada-pneu-4ks-slick-xh4-cik-predna-4-6-2x-2x-zadna-7-1\/","title":{"rendered":"VEGA sada 4 pneumatik - XH4 - CIK | 2x p\u0159edn\u00ed 4.6 + 2x zadn\u00ed 7.1"},"content":{"rendered":"<p>Nejnov\u011bj\u0161\u00ed pneumatika \u201eHARD\u201c od spole\u010dnosti VEGA, schv\u00e1len\u00e1 FIA CIK pro homologa\u010dn\u00ed obdob\u00ed 2024-2026.<\/p>\n<p>Zcela nov\u00e1 varianta XH4 CIK p\u0159edstavuje evoluci d\u0159\u00edv\u011bj\u0161\u00ed \u201ezelen\u00e9\u201c varianty a p\u0159edstavuje vylep\u0161en\u00e9 okno pro pou\u017eit\u00ed.<\/p>\n<p>Pneumatika XH4 si zachov\u00e1v\u00e1 dob\u0159e zn\u00e1m\u00e9 vlastnosti p\u0159ilnavosti, doby zah\u0159\u00edv\u00e1n\u00ed a odolnosti proti opot\u0159eben\u00ed p\u0159edchoz\u00ed verze XH3, \u010d\u00edm\u017e se zlep\u0161uje jej\u00ed vyv\u00e1\u017eenost a pou\u017eitelnost s podvozky v\u0161ech zna\u010dek a za v\u0161ech podm\u00ednek na trati.<br \/>\nNejv\u011bt\u0161\u00ed v\u00fdhody lze zaznamenat zejm\u00e9na v p\u0159\u00edpad\u011b extr\u00e9mn\u00edch veder a na velmi n\u00e1ro\u010dn\u00fdch trat\u00edch.<\/p>\n<p>Tato pneumatika i nad\u00e1le nab\u00edz\u00ed extr\u00e9mn\u00ed \u00farove\u0148 odolnosti proti opot\u0159eben\u00ed (250 km za v\u0161ech podm\u00ednek na trati, jak potvrzuj\u00ed nejnov\u011bj\u0161\u00ed testy CIK-FIA na trati).<\/p>","protected":false},"excerpt":{"rendered":"<p>Nejnov\u011bj\u0161\u00ed \u201eHARD\u201c pneumatika od spole\u010dnosti VEGA, schv\u00e1len\u00e1 CIK FIA pro homologa\u010dn\u00ed obdob\u00ed 2024-2026. Zcela nov\u00e1 XH4 CIK Option p\u0159edstavuje evoluci d\u0159\u00edv\u011bj\u0161\u00ed \u201ezelen\u00e9\u201c a je vylep\u0161enou okenn\u00ed...<\/p>","protected":false},"featured_media":4566,"template":"","meta":[],"product_brand":[],"product_cat":[20,146],"product_tag":[142,425,81,50,1102,1100,181,182,183,44,1101,3331],"class_list":{"0":"post-22312","1":"product","2":"type-product","3":"status-publish","4":"has-post-thumbnail","6":"product_cat-pneumatiky","7":"product_cat-vega","8":"product_tag-karting","9":"product_tag-motokarove-pneu","10":"product_tag-motokary","11":"product_tag-pneu","12":"product_tag-pneu-na-motokary","13":"product_tag-pneu-vega","14":"product_tag-pneuvega","15":"product_tag-sadapneu","16":"product_tag-sadapneuvega","17":"product_tag-vega","18":"product_tag-vega-pneu","19":"product_tag-vega-xh4","21":"first","22":"onbackorder","23":"taxable","24":"shipping-taxable","25":"purchasable","26":"product-type-simple","27":"customify-col"},"aioseo_notices":[],"_links":{"self":[{"href":"https:\/\/motokary-karting.sk\/cz\/wp-json\/wp\/v2\/product\/22312","targetHints":{"allow":["GET"]}}],"collection":[{"href":"https:\/\/motokary-karting.sk\/cz\/wp-json\/wp\/v2\/product"}],"about":[{"href":"https:\/\/motokary-karting.sk\/cz\/wp-json\/wp\/v2\/types\/product"}],"wp:featuredmedia":[{"embeddable":true,"href":"https:\/\/motokary-karting.sk\/cz\/wp-json\/wp\/v2\/media\/4566"}],"wp:attachment":[{"href":"https:\/\/motokary-karting.sk\/cz\/wp-json\/wp\/v2\/media?parent=22312"}],"wp:term":[{"taxonomy":"product_brand","embeddable":true,"href":"https:\/\/motokary-karting.sk\/cz\/wp-json\/wp\/v2\/product_brand?post=22312"},{"taxonomy":"product_cat","embeddable":true,"href":"https:\/\/motokary-karting.sk\/cz\/wp-json\/wp\/v2\/product_cat?post=22312"},{"taxonomy":"product_tag","embeddable":true,"href":"https:\/\/motokary-karting.sk\/cz\/wp-json\/wp\/v2\/product_tag?post=22312"}],"curies":[{"name":"wp","href":"https:\/\/api.w.org\/{rel}","templated":true}]}}