{"id":2233,"date":"2020-08-10T21:08:21","date_gmt":"2020-08-10T21:08:21","guid":{"rendered":"https:\/\/motokary-karting.sk\/?post_type=product&#038;p=2233"},"modified":"2026-01-28T19:56:16","modified_gmt":"2026-01-28T19:56:16","slug":"sada-pro-laserove-serizeni-kol-s-adapterem-17-mm-a-25-mm","status":"publish","type":"product","link":"https:\/\/motokary-karting.sk\/cz\/produkt\/laserova-sada-na-meranie-geometrie-kolies-s-adapterom-17mm-a-25mm\/","title":{"rendered":"Sada pro laserov\u00e9 se\u0159\u00edzen\u00ed kol \/ s adapt\u00e9rem 17 mm a 25 mm"},"content":{"rendered":"","protected":false},"excerpt":{"rendered":"","protected":false},"featured_media":23754,"template":"","meta":[],"product_brand":[],"product_cat":[3360,58],"product_tag":[583,142,584,81],"class_list":{"0":"post-2233","1":"product","2":"type-product","3":"status-publish","4":"has-post-thumbnail","6":"product_cat-ostatne-vybava-do-garaze","7":"product_cat-vybava-do-garaze","8":"product_tag-geometria","9":"product_tag-karting","10":"product_tag-laserova-geometria","11":"product_tag-motokary","13":"first","14":"instock","15":"taxable","16":"shipping-taxable","17":"purchasable","18":"product-type-simple","19":"customify-col"},"aioseo_notices":[],"_links":{"self":[{"href":"https:\/\/motokary-karting.sk\/cz\/wp-json\/wp\/v2\/product\/2233","targetHints":{"allow":["GET"]}}],"collection":[{"href":"https:\/\/motokary-karting.sk\/cz\/wp-json\/wp\/v2\/product"}],"about":[{"href":"https:\/\/motokary-karting.sk\/cz\/wp-json\/wp\/v2\/types\/product"}],"wp:featuredmedia":[{"embeddable":true,"href":"https:\/\/motokary-karting.sk\/cz\/wp-json\/wp\/v2\/media\/23754"}],"wp:attachment":[{"href":"https:\/\/motokary-karting.sk\/cz\/wp-json\/wp\/v2\/media?parent=2233"}],"wp:term":[{"taxonomy":"product_brand","embeddable":true,"href":"https:\/\/motokary-karting.sk\/cz\/wp-json\/wp\/v2\/product_brand?post=2233"},{"taxonomy":"product_cat","embeddable":true,"href":"https:\/\/motokary-karting.sk\/cz\/wp-json\/wp\/v2\/product_cat?post=2233"},{"taxonomy":"product_tag","embeddable":true,"href":"https:\/\/motokary-karting.sk\/cz\/wp-json\/wp\/v2\/product_tag?post=2233"}],"curies":[{"name":"wp","href":"https:\/\/api.w.org\/{rel}","templated":true}]}}