{"id":22440,"date":"2024-03-08T08:40:52","date_gmt":"2024-03-08T08:40:52","guid":{"rendered":"https:\/\/motokary-karting.sk\/?post_type=product&#038;p=22440"},"modified":"2025-01-01T16:07:04","modified_gmt":"2025-01-01T16:07:04","slug":"stand21-fhr-hans-system-featherlite-30-medium","status":"publish","type":"product","link":"https:\/\/motokary-karting.sk\/cz\/produkt\/stand21-fhr-hans-system-featherlite-%c2%b7-30-medium\/","title":{"rendered":"Stand21 FHR HANS System Featherlite - 30\u00b0 - MEDIUM"},"content":{"rendered":"<p>FEATHERLITE je nov\u00fdm \u0161pi\u010dkov\u00fdm produktem syst\u00e9m\u016f Stand21 FHR a pat\u0159\u00ed k absolutn\u011b nejleh\u010d\u00edm model\u016fm ve sv\u00e9 t\u0159\u00edd\u011b. Pou\u017eit\u00edm vysoce pevn\u00fdch high-tech uhl\u00edkov\u00fdch vl\u00e1ken se poda\u0159ilo sn\u00ed\u017eit tlou\u0161\u0165ku a t\u00edm i hmotnost syst\u00e9mu na absolutn\u00ed minimum. Standardn\u011b je vybaven pohybliv\u00fdm p\u0159idr\u017eovac\u00edm syst\u00e9mem pro v\u011bt\u0161\u00ed volnost pohybu. Schv\u00e1leno podle FIA 8858-2010.<\/p>\n<p>Verze: medium<\/p>\n<p>\u0160t\u00edtek FIA_8858-2010<\/p>\n<p>P\u0159i v\u00fdb\u011bru velikosti se \u0159i\u010fte velikost\u00ed l\u00edmce.<br \/>\nVelikost Medium: \u0161\u00ed\u0159ka l\u00edmce mezi 38 a 45,5 cm<\/p>","protected":false},"excerpt":{"rendered":"<p>FEATHERLITE je nov\u00fdm \u0161pi\u010dkov\u00fdm produktem syst\u00e9m\u016f Stand21 FHR a pat\u0159\u00ed k absolutn\u011b nejleh\u010d\u00edm model\u016fm ve sv\u00e9 t\u0159\u00edd\u011b. D\u00edky pou\u017eit\u00ed vysoce pevn\u00fdch high-tech uhl\u00edkov\u00fdch vl\u00e1ken...<\/p>","protected":false},"featured_media":22445,"template":"","meta":[],"product_brand":[],"product_cat":[2203,21,18],"product_tag":[2204,2208,2226,2205,142,1344,81,2207,2209,2227,2206],"class_list":{"0":"post-22440","1":"product","2":"type-product","3":"status-publish","4":"has-post-thumbnail","6":"product_cat-hans-systemy","7":"product_cat-prilby","8":"product_cat-vybava-pretekara","9":"product_tag-hans","10":"product_tag-hans-schroth","11":"product_tag-hans-stand21","12":"product_tag-hans-system","13":"product_tag-karting","14":"product_tag-karting-shop","15":"product_tag-motokary","16":"product_tag-schroth","17":"product_tag-schroth-hans","18":"product_tag-stand21-hans","19":"product_tag-system-hans","21":"first","22":"onbackorder","23":"taxable","24":"shipping-taxable","25":"purchasable","26":"product-type-simple","27":"customify-col","28":"product-has-gallery"},"aioseo_notices":[],"_links":{"self":[{"href":"https:\/\/motokary-karting.sk\/cz\/wp-json\/wp\/v2\/product\/22440","targetHints":{"allow":["GET"]}}],"collection":[{"href":"https:\/\/motokary-karting.sk\/cz\/wp-json\/wp\/v2\/product"}],"about":[{"href":"https:\/\/motokary-karting.sk\/cz\/wp-json\/wp\/v2\/types\/product"}],"wp:featuredmedia":[{"embeddable":true,"href":"https:\/\/motokary-karting.sk\/cz\/wp-json\/wp\/v2\/media\/22445"}],"wp:attachment":[{"href":"https:\/\/motokary-karting.sk\/cz\/wp-json\/wp\/v2\/media?parent=22440"}],"wp:term":[{"taxonomy":"product_brand","embeddable":true,"href":"https:\/\/motokary-karting.sk\/cz\/wp-json\/wp\/v2\/product_brand?post=22440"},{"taxonomy":"product_cat","embeddable":true,"href":"https:\/\/motokary-karting.sk\/cz\/wp-json\/wp\/v2\/product_cat?post=22440"},{"taxonomy":"product_tag","embeddable":true,"href":"https:\/\/motokary-karting.sk\/cz\/wp-json\/wp\/v2\/product_tag?post=22440"}],"curies":[{"name":"wp","href":"https:\/\/api.w.org\/{rel}","templated":true}]}}