{"id":22500,"date":"2024-03-30T09:18:12","date_gmt":"2024-03-30T09:18:12","guid":{"rendered":"https:\/\/motokary-karting.sk\/?post_type=product&#038;p=22500"},"modified":"2026-04-04T14:09:36","modified_gmt":"2026-04-04T14:09:36","slug":"nahradni-plexi-sparco-pro-helmu-x-pro","status":"publish","type":"product","link":"https:\/\/motokary-karting.sk\/cz\/produkt\/sparco-nahradne-plexi-pre-prilbu-x-pro\/","title":{"rendered":"N\u00e1hradn\u00ed plexisklo Sparco X-Pro"},"content":{"rendered":"<p>Jasn\u00fd v\u00fdhled je d\u016fle\u017eit\u00fd zejm\u00e9na v motorsportu. Pokud je hled\u00ed p\u0159ilby po\u0161kr\u00e1ban\u00e9, je v\u00fdhled omezen a bezpe\u010dnost \u0159idi\u010de se \u00fam\u011brn\u011b tomu sni\u017euje. Za \u0161patn\u00e9 viditelnosti ve tm\u011b a za de\u0161t\u011b se pouli\u010dn\u00ed osv\u011btlen\u00ed a jin\u00e9 zdroje sv\u011btla siln\u011b odr\u00e1\u017eej\u00ed od hled\u00ed se \u0161kr\u00e1banci. Proto je vhodn\u00e9 hled\u00ed po ur\u010dit\u00e9 dob\u011b pravideln\u011b vym\u011b\u0148ovat.<\/p>","protected":false},"excerpt":{"rendered":"<p>Jasn\u00fd v\u00fdhled je d\u016fle\u017eit\u00fd zejm\u00e9na v motorsportu. Pokud je hled\u00ed p\u0159ilby po\u0161kr\u00e1ban\u00e9, je v\u00fdhled omezen a bezpe\u010dnost \u0159idi\u010de se \u00fam\u011brn\u011b tomu sni\u017euje. P\u0159i \u0161patn\u00e9 viditelnosti...<\/p>","protected":false},"featured_media":27758,"template":"","meta":[],"product_brand":[],"product_cat":[21,2766,18],"product_tag":[1728,142,1344,81,3340,1698,26,1800,1799,1755,3338,3339,1801,3341],"class_list":{"0":"post-22500","1":"product","2":"type-product","3":"status-publish","4":"has-post-thumbnail","6":"product_cat-prilby","7":"product_cat-sparco-prislusenstvo","8":"product_cat-vybava-pretekara","9":"product_tag-kart-shop","10":"product_tag-karting","11":"product_tag-karting-shop","12":"product_tag-motokary","13":"product_tag-plexi-sparco-x-pro","14":"product_tag-predajna-motokar","15":"product_tag-sparco","16":"product_tag-sparco-nahradne-plexi","17":"product_tag-sparco-plexi","18":"product_tag-sparco-shop","19":"product_tag-sparco-x-pro-visor","20":"product_tag-visor-sparco-x-pro","21":"product_tag-vymenitelne-plexi-sparco","22":"product_tag-x-pro-sparco-plexi","24":"first","25":"instock","26":"taxable","27":"shipping-taxable","28":"purchasable","29":"product-type-variable","30":"customify-col","31":"product-has-gallery"},"aioseo_notices":[],"_links":{"self":[{"href":"https:\/\/motokary-karting.sk\/cz\/wp-json\/wp\/v2\/product\/22500","targetHints":{"allow":["GET"]}}],"collection":[{"href":"https:\/\/motokary-karting.sk\/cz\/wp-json\/wp\/v2\/product"}],"about":[{"href":"https:\/\/motokary-karting.sk\/cz\/wp-json\/wp\/v2\/types\/product"}],"wp:featuredmedia":[{"embeddable":true,"href":"https:\/\/motokary-karting.sk\/cz\/wp-json\/wp\/v2\/media\/27758"}],"wp:attachment":[{"href":"https:\/\/motokary-karting.sk\/cz\/wp-json\/wp\/v2\/media?parent=22500"}],"wp:term":[{"taxonomy":"product_brand","embeddable":true,"href":"https:\/\/motokary-karting.sk\/cz\/wp-json\/wp\/v2\/product_brand?post=22500"},{"taxonomy":"product_cat","embeddable":true,"href":"https:\/\/motokary-karting.sk\/cz\/wp-json\/wp\/v2\/product_cat?post=22500"},{"taxonomy":"product_tag","embeddable":true,"href":"https:\/\/motokary-karting.sk\/cz\/wp-json\/wp\/v2\/product_tag?post=22500"}],"curies":[{"name":"wp","href":"https:\/\/api.w.org\/{rel}","templated":true}]}}