{"id":22526,"date":"2024-04-10T08:09:26","date_gmt":"2024-04-10T08:09:26","guid":{"rendered":"https:\/\/motokary-karting.sk\/?post_type=product&#038;p=22526"},"modified":"2025-06-24T10:11:06","modified_gmt":"2025-06-24T10:11:06","slug":"zadni-kolo-kazeta-croc-50mm-delka-93mm-zlaty-horcik","status":"publish","type":"product","link":"https:\/\/motokary-karting.sk\/cz\/produkt\/zadny-naboj-kolesa-croc-50mm-dlzka-93mm-zlaty-magnesium\/","title":{"rendered":"N\u00e1boj zadn\u00edho kola CROC 50mm, d\u00e9lka 93mm zlat\u00fd - MAGNESIUM"},"content":{"rendered":"","protected":false},"excerpt":{"rendered":"","protected":false},"featured_media":22527,"template":"","meta":[],"product_brand":[],"product_cat":[2474,399,271,3389,646],"product_tag":[400,142,1344,81,297,640,641,642,298,639],"class_list":{"0":"post-22526","1":"product","2":"type-product","3":"status-publish","4":"has-post-thumbnail","6":"product_cat-croc","7":"product_cat-naboje-a-unasace","8":"product_cat-nahradne-diely-na-podvozky","9":"product_cat-nd-rotax-kz-dd2","10":"product_cat-o-50mm","11":"product_tag-50mm","12":"product_tag-karting","13":"product_tag-karting-shop","14":"product_tag-motokary","15":"product_tag-naboj","16":"product_tag-rear-axle-hub","17":"product_tag-rear-hub","18":"product_tag-zadni-neboj-kola","19":"product_tag-zadny-naboj","20":"product_tag-zadny-nabojk-kolesa","22":"first","23":"instock","24":"taxable","25":"shipping-taxable","26":"purchasable","27":"product-type-simple","28":"customify-col"},"aioseo_notices":[],"_links":{"self":[{"href":"https:\/\/motokary-karting.sk\/cz\/wp-json\/wp\/v2\/product\/22526","targetHints":{"allow":["GET"]}}],"collection":[{"href":"https:\/\/motokary-karting.sk\/cz\/wp-json\/wp\/v2\/product"}],"about":[{"href":"https:\/\/motokary-karting.sk\/cz\/wp-json\/wp\/v2\/types\/product"}],"wp:featuredmedia":[{"embeddable":true,"href":"https:\/\/motokary-karting.sk\/cz\/wp-json\/wp\/v2\/media\/22527"}],"wp:attachment":[{"href":"https:\/\/motokary-karting.sk\/cz\/wp-json\/wp\/v2\/media?parent=22526"}],"wp:term":[{"taxonomy":"product_brand","embeddable":true,"href":"https:\/\/motokary-karting.sk\/cz\/wp-json\/wp\/v2\/product_brand?post=22526"},{"taxonomy":"product_cat","embeddable":true,"href":"https:\/\/motokary-karting.sk\/cz\/wp-json\/wp\/v2\/product_cat?post=22526"},{"taxonomy":"product_tag","embeddable":true,"href":"https:\/\/motokary-karting.sk\/cz\/wp-json\/wp\/v2\/product_tag?post=22526"}],"curies":[{"name":"wp","href":"https:\/\/api.w.org\/{rel}","templated":true}]}}