{"id":22529,"date":"2024-04-12T07:44:13","date_gmt":"2024-04-12T07:44:13","guid":{"rendered":"https:\/\/motokary-karting.sk\/?post_type=product&#038;p=22529"},"modified":"2026-04-14T12:10:45","modified_gmt":"2026-04-14T12:10:45","slug":"blokovaci-zarizeni-spojky-rotax","status":"publish","type":"product","link":"https:\/\/motokary-karting.sk\/cz\/produkt\/zaistujuci-pripravok-spojky-rotax\/","title":{"rendered":"Zaji\u0161\u0165ovac\u00ed prost\u0159edek spojky ROTAX"},"content":{"rendered":"<p>Poloha na obr\u00e1zku 11<\/p>","protected":false},"excerpt":{"rendered":"<p>Poloha na obr\u00e1zku 11<\/p>","protected":false},"featured_media":11228,"template":"","meta":[],"product_brand":[],"product_cat":[645,3350,744,2679,2691,2690,2682,58],"product_tag":[2652,2429,142,1344,81,2650,618,754,2651],"class_list":{"0":"post-22529","1":"product","2":"type-product","3":"status-publish","4":"has-post-thumbnail","6":"product_cat-nahradne-diely-na-motory","7":"product_cat-pripravky","8":"product_cat-rotax-max","9":"product_cat-sekcia-klukovy-hriadel-piest-prevodovka","10":"product_cat-sekcia-naradie","11":"product_cat-sekcia-pripravky","12":"product_cat-sekcia-spojka","13":"product_cat-vybava-do-garaze","14":"product_tag-blok-motora-komplet","15":"product_tag-diely-na-rotax","16":"product_tag-karting","17":"product_tag-karting-shop","18":"product_tag-motokary","19":"product_tag-nahradne-diely-na-rotax","20":"product_tag-rotax","21":"product_tag-rotax-diely","22":"product_tag-suciastky-na-rotax","24":"first","25":"instock","26":"sale","27":"taxable","28":"shipping-taxable","29":"purchasable","30":"product-type-simple","31":"customify-col"},"aioseo_notices":[],"_links":{"self":[{"href":"https:\/\/motokary-karting.sk\/cz\/wp-json\/wp\/v2\/product\/22529","targetHints":{"allow":["GET"]}}],"collection":[{"href":"https:\/\/motokary-karting.sk\/cz\/wp-json\/wp\/v2\/product"}],"about":[{"href":"https:\/\/motokary-karting.sk\/cz\/wp-json\/wp\/v2\/types\/product"}],"wp:featuredmedia":[{"embeddable":true,"href":"https:\/\/motokary-karting.sk\/cz\/wp-json\/wp\/v2\/media\/11228"}],"wp:attachment":[{"href":"https:\/\/motokary-karting.sk\/cz\/wp-json\/wp\/v2\/media?parent=22529"}],"wp:term":[{"taxonomy":"product_brand","embeddable":true,"href":"https:\/\/motokary-karting.sk\/cz\/wp-json\/wp\/v2\/product_brand?post=22529"},{"taxonomy":"product_cat","embeddable":true,"href":"https:\/\/motokary-karting.sk\/cz\/wp-json\/wp\/v2\/product_cat?post=22529"},{"taxonomy":"product_tag","embeddable":true,"href":"https:\/\/motokary-karting.sk\/cz\/wp-json\/wp\/v2\/product_tag?post=22529"}],"curies":[{"name":"wp","href":"https:\/\/api.w.org\/{rel}","templated":true}]}}