{"id":2256,"date":"2020-08-10T22:12:12","date_gmt":"2020-08-10T22:12:12","guid":{"rendered":"https:\/\/motokary-karting.sk\/?post_type=product&#038;p=2256"},"modified":"2025-10-17T08:36:32","modified_gmt":"2025-10-17T08:36:32","slug":"ucha-brzdoveho-lanka-m6-400mm","status":"publish","type":"product","link":"https:\/\/motokary-karting.sk\/cz\/produkt\/poistne-lanko-brzdy-uchyty-m6-400mm\/","title":{"rendered":"Bezpe\u010dnostn\u00ed brzdov\u00e9 lanko - \u00fachyty M6"},"content":{"rendered":"","protected":false},"excerpt":{"rendered":"","protected":false},"featured_media":9736,"template":"","meta":[],"product_brand":[],"product_cat":[302,271,276,1550],"product_tag":[592,591,142,81,590],"class_list":{"0":"post-2256","1":"product","2":"type-product","3":"status-publish","4":"has-post-thumbnail","6":"product_cat-brzdy-prislusenstvo","7":"product_cat-nahradne-diely-na-podvozky","8":"product_cat-ostatne","9":"product_cat-ostatne-brzdy-prislusenstvo","10":"product_tag-caontrol-cable-for-brake","11":"product_tag-control-cable","12":"product_tag-karting","13":"product_tag-motokary","14":"product_tag-poistne-lanko-brzdy","16":"first","17":"instock","18":"taxable","19":"shipping-taxable","20":"purchasable","21":"product-type-variable","22":"customify-col"},"aioseo_notices":[],"_links":{"self":[{"href":"https:\/\/motokary-karting.sk\/cz\/wp-json\/wp\/v2\/product\/2256","targetHints":{"allow":["GET"]}}],"collection":[{"href":"https:\/\/motokary-karting.sk\/cz\/wp-json\/wp\/v2\/product"}],"about":[{"href":"https:\/\/motokary-karting.sk\/cz\/wp-json\/wp\/v2\/types\/product"}],"wp:featuredmedia":[{"embeddable":true,"href":"https:\/\/motokary-karting.sk\/cz\/wp-json\/wp\/v2\/media\/9736"}],"wp:attachment":[{"href":"https:\/\/motokary-karting.sk\/cz\/wp-json\/wp\/v2\/media?parent=2256"}],"wp:term":[{"taxonomy":"product_brand","embeddable":true,"href":"https:\/\/motokary-karting.sk\/cz\/wp-json\/wp\/v2\/product_brand?post=2256"},{"taxonomy":"product_cat","embeddable":true,"href":"https:\/\/motokary-karting.sk\/cz\/wp-json\/wp\/v2\/product_cat?post=2256"},{"taxonomy":"product_tag","embeddable":true,"href":"https:\/\/motokary-karting.sk\/cz\/wp-json\/wp\/v2\/product_tag?post=2256"}],"curies":[{"name":"wp","href":"https:\/\/api.w.org\/{rel}","templated":true}]}}