{"id":2262,"date":"2020-08-10T22:18:08","date_gmt":"2020-08-10T22:18:08","guid":{"rendered":"https:\/\/motokary-karting.sk\/?post_type=product&#038;p=2262"},"modified":"2026-01-23T14:03:05","modified_gmt":"2026-01-23T14:03:05","slug":"brzdovy-pedal-ve-velkem-stylu","status":"publish","type":"product","link":"https:\/\/motokary-karting.sk\/cz\/produkt\/brzdovy-pedal-ample-style\/","title":{"rendered":"Brzdov\u00fd ped\u00e1l 160 mm ALU"},"content":{"rendered":"","protected":false},"excerpt":{"rendered":"<p>Dod\u00e1n\u00ed do 7 dn\u016f<\/p>","protected":false},"featured_media":32022,"template":"","meta":[],"product_brand":[],"product_cat":[302,271,1550,276],"product_tag":[596,595,599,597,600,81,294,598],"class_list":{"0":"post-2262","1":"product","2":"type-product","3":"status-publish","4":"has-post-thumbnail","6":"product_cat-brzdy-prislusenstvo","7":"product_cat-nahradne-diely-na-podvozky","8":"product_cat-ostatne-brzdy-prislusenstvo","9":"product_cat-ostatne","10":"product_tag-brake","11":"product_tag-brake-pedal","12":"product_tag-brzdovej-pedal","13":"product_tag-brzdovy-pedal","14":"product_tag-karig","15":"product_tag-motokary","16":"product_tag-pedal","17":"product_tag-pedal-brzdy","19":"first","20":"onbackorder","21":"taxable","22":"shipping-taxable","23":"purchasable","24":"product-type-simple","25":"customify-col"},"aioseo_notices":[],"_links":{"self":[{"href":"https:\/\/motokary-karting.sk\/cz\/wp-json\/wp\/v2\/product\/2262","targetHints":{"allow":["GET"]}}],"collection":[{"href":"https:\/\/motokary-karting.sk\/cz\/wp-json\/wp\/v2\/product"}],"about":[{"href":"https:\/\/motokary-karting.sk\/cz\/wp-json\/wp\/v2\/types\/product"}],"wp:featuredmedia":[{"embeddable":true,"href":"https:\/\/motokary-karting.sk\/cz\/wp-json\/wp\/v2\/media\/32022"}],"wp:attachment":[{"href":"https:\/\/motokary-karting.sk\/cz\/wp-json\/wp\/v2\/media?parent=2262"}],"wp:term":[{"taxonomy":"product_brand","embeddable":true,"href":"https:\/\/motokary-karting.sk\/cz\/wp-json\/wp\/v2\/product_brand?post=2262"},{"taxonomy":"product_cat","embeddable":true,"href":"https:\/\/motokary-karting.sk\/cz\/wp-json\/wp\/v2\/product_cat?post=2262"},{"taxonomy":"product_tag","embeddable":true,"href":"https:\/\/motokary-karting.sk\/cz\/wp-json\/wp\/v2\/product_tag?post=2262"}],"curies":[{"name":"wp","href":"https:\/\/api.w.org\/{rel}","templated":true}]}}