{"id":2264,"date":"2020-08-10T22:21:35","date_gmt":"2020-08-10T22:21:35","guid":{"rendered":"https:\/\/motokary-karting.sk\/?post_type=product&#038;p=2264"},"modified":"2026-04-03T07:07:07","modified_gmt":"2026-04-03T07:07:07","slug":"zamek-pedalu-72-mm","status":"publish","type":"product","link":"https:\/\/motokary-karting.sk\/cz\/produkt\/pruzina-na-pedal-vratna-72mm\/","title":{"rendered":"Pru\u017eina pro ped\u00e1l - oboustrann\u00e1 72 mm | SADA 2 kus\u016f"},"content":{"rendered":"","protected":false},"excerpt":{"rendered":"","protected":false},"featured_media":23484,"template":"","meta":[],"product_brand":[],"product_cat":[302,271,276,1550],"product_tag":[246,142,81,420,603,601,602,604],"class_list":{"0":"post-2264","1":"product","2":"type-product","3":"status-publish","4":"has-post-thumbnail","6":"product_cat-brzdy-prislusenstvo","7":"product_cat-nahradne-diely-na-podvozky","8":"product_cat-ostatne","9":"product_cat-ostatne-brzdy-prislusenstvo","10":"product_tag-kart","11":"product_tag-karting","12":"product_tag-motokary","13":"product_tag-pruzina","14":"product_tag-pruzina-na-pedal","15":"product_tag-spring","16":"product_tag-spring-for-pedal","17":"product_tag-vratna-pruzina-na-pedal","19":"first","20":"instock","21":"taxable","22":"shipping-taxable","23":"purchasable","24":"product-type-simple","25":"customify-col"},"aioseo_notices":[],"_links":{"self":[{"href":"https:\/\/motokary-karting.sk\/cz\/wp-json\/wp\/v2\/product\/2264","targetHints":{"allow":["GET"]}}],"collection":[{"href":"https:\/\/motokary-karting.sk\/cz\/wp-json\/wp\/v2\/product"}],"about":[{"href":"https:\/\/motokary-karting.sk\/cz\/wp-json\/wp\/v2\/types\/product"}],"wp:featuredmedia":[{"embeddable":true,"href":"https:\/\/motokary-karting.sk\/cz\/wp-json\/wp\/v2\/media\/23484"}],"wp:attachment":[{"href":"https:\/\/motokary-karting.sk\/cz\/wp-json\/wp\/v2\/media?parent=2264"}],"wp:term":[{"taxonomy":"product_brand","embeddable":true,"href":"https:\/\/motokary-karting.sk\/cz\/wp-json\/wp\/v2\/product_brand?post=2264"},{"taxonomy":"product_cat","embeddable":true,"href":"https:\/\/motokary-karting.sk\/cz\/wp-json\/wp\/v2\/product_cat?post=2264"},{"taxonomy":"product_tag","embeddable":true,"href":"https:\/\/motokary-karting.sk\/cz\/wp-json\/wp\/v2\/product_tag?post=2264"}],"curies":[{"name":"wp","href":"https:\/\/api.w.org\/{rel}","templated":true}]}}