{"id":22707,"date":"2024-04-18T16:22:43","date_gmt":"2024-04-18T16:22:43","guid":{"rendered":"https:\/\/motokary-karting.sk\/?post_type=product&#038;p=22707"},"modified":"2026-04-29T22:09:53","modified_gmt":"2026-04-29T22:09:53","slug":"helma-zamp-plexi-rz42","status":"publish","type":"product","link":"https:\/\/motokary-karting.sk\/cz\/produkt\/zamp-plexi-na-prilbu-rz42\/","title":{"rendered":"ZAMP - Plexi pro v\u0161echny p\u0159ilby ZAMP"},"content":{"rendered":"<p>\u0160t\u00edty \u0159ady Zamp Z-20 jsou ur\u010deny pro v\u0161echny p\u0159ilby \u0159ady Zamp RZ. \u0160t\u00edty Zamp Z-20 jsou 3 mm siln\u00e9 a maj\u00ed odtrh\u00e1vac\u00ed kol\u00edky. V\u0161echny \u0161t\u00edty Z-20 jsou rovn\u011b\u017e opat\u0159eny vrstvou proti zaml\u017eov\u00e1n\u00ed.<\/p>\n<p>Upozor\u0148ujeme, \u017ee z\u00e1kazn\u00edci by nem\u011bli na prizmatick\u00e9 zorn\u00edky umis\u0165ovat pr\u016fhlednou f\u00f3lii (kter\u00e1 se dod\u00e1v\u00e1 ke v\u0161em standardn\u00edm zorn\u00edk\u016fm). T\u00edm se hled\u00ed neochr\u00e1n\u00ed a m\u016f\u017ee doj\u00edt k po\u0161kozen\u00ed potahu hled\u00ed.<\/p>\n<p>&nbsp;<\/p>\n<p>&nbsp;<\/p>\n<p>V\u00fdm\u011bna \u0161t\u00edtu Zamp Z-20:<\/p>\n<p>POZN\u00c1MKA: P\u0159i v\u00fdm\u011bn\u011b \u0161t\u00edt\u016f je d\u016fle\u017eit\u00e9 nepou\u017e\u00edvat elektrick\u00e9 n\u00e1\u0159ad\u00ed ani p\u0159\u00edli\u0161 neutahovat \u0161rouby.<\/p>\n<p>Krok 1 Polo\u017ete ru\u010dn\u00edk na rovn\u00fd povrch a polo\u017ete na n\u011bj p\u0159ilbu.<\/p>\n<p>Krok 2 Odstra\u0148te nap\u00edn\u00e1ky \u010dep\u016f \u0161t\u00edtu na obou stran\u00e1ch. Jedn\u00e1 se o men\u0161\u00ed \u0161rouby po stran\u00e1ch \u0161t\u00edtu.<\/p>\n<p>Krok 3 Vy\u0161roubujte oto\u010dn\u00e9 \u0161rouby \u0161t\u00edtu na obou stran\u00e1ch. Jedn\u00e1 se o v\u011bt\u0161\u00ed \u0161roub na stran\u011b \u0161t\u00edtu. Pro dosa\u017een\u00ed nejlep\u0161\u00edch v\u00fdsledk\u016f doporu\u010dujeme pou\u017e\u00edt k uvoln\u011bn\u00ed\/uta\u017een\u00ed \u010dtvrtku.<\/p>\n<p>Krok 4 Odstra\u0148te \u0161t\u00edt. Pro dosa\u017een\u00ed nejlep\u0161\u00edch v\u00fdsledk\u016f doporu\u010dujeme ot\u0159\u00edt gumov\u00e9 t\u011bsn\u011bn\u00ed i m\u00edsto, kde je \u0161t\u00edt p\u0159ipevn\u011bn k p\u0159ilb\u011b, had\u0159\u00edkem.<\/p>\n<p>Krok 5 Nasa\u010fte \u0161t\u00edt na p\u0159ilbu. Mezi \u0161t\u00edtem a p\u0159ilbou jsou dv\u011b b\u00edl\u00e9 podlo\u017eky, p\u0159ed op\u011btovnou instalac\u00ed \u0161t\u00edtu se ujist\u011bte, \u017ee jsou na sv\u00e9m m\u00edst\u011b.<\/p>\n<p>Krok 6 Ru\u010dn\u011b navl\u00e9kn\u011bte kol\u00edky \u0161t\u00edtu (v\u011bt\u0161\u00ed \u0161roub), aby \u0161t\u00edt dr\u017eel na m\u00edst\u011b. Po ru\u010dn\u00edm navle\u010den\u00ed pou\u017eijte minci a dot\u00e1hn\u011bte, dokud nebude t\u011bsn\u011b p\u0159il\u00e9hat ke sko\u0159epin\u011b p\u0159ilby. Nedotahujte p\u0159\u00edli\u0161.<\/p>\n<p>Krok 7 Ru\u010dn\u011b navl\u00e9kn\u011bte nap\u00edn\u00e1ky \u010dep\u016f \u0161t\u00edtu a pot\u00e9 je ut\u00e1hn\u011bte na po\u017eadovan\u00e9 nap\u011bt\u00ed, aby se \u0161t\u00edt mohl pohybovat.<\/p>","protected":false},"excerpt":{"rendered":"<p>\u0160t\u00edty \u0159ady Zamp Z-20 jsou ur\u010deny pro v\u0161echny p\u0159ilby \u0159ady Zamp RZ. \u0160t\u00edty Zamp Z-20 jsou 3 mm siln\u00e9 a maj\u00ed odtrh\u00e1vac\u00ed kol\u00edky. V\u0161echny...<\/p>","protected":false},"featured_media":22770,"template":"","meta":[],"product_brand":[],"product_cat":[21,18,3342,3348],"product_tag":[142,1344,3343,977,984,81,3344,985,3347,3345,3346],"class_list":{"0":"post-22707","1":"product","2":"type-product","3":"status-publish","4":"has-post-thumbnail","6":"product_cat-prilby","7":"product_cat-vybava-pretekara","8":"product_cat-zamp-helmets","9":"product_cat-zamp-prislusenstvo","10":"product_tag-karting","11":"product_tag-karting-shop","12":"product_tag-kartingova-prilba","13":"product_tag-lewis-hamilton","14":"product_tag-motokarova-prilba","15":"product_tag-motokary","16":"product_tag-prilba-na-karting","17":"product_tag-prilba-na-motokary","18":"product_tag-prilba-zamp","19":"product_tag-zamp-helmets","20":"product_tag-zamp-prilby","22":"first","23":"instock","24":"sale","25":"taxable","26":"shipping-taxable","27":"purchasable","28":"product-type-variable","29":"customify-col","30":"product-has-gallery"},"aioseo_notices":[],"_links":{"self":[{"href":"https:\/\/motokary-karting.sk\/cz\/wp-json\/wp\/v2\/product\/22707","targetHints":{"allow":["GET"]}}],"collection":[{"href":"https:\/\/motokary-karting.sk\/cz\/wp-json\/wp\/v2\/product"}],"about":[{"href":"https:\/\/motokary-karting.sk\/cz\/wp-json\/wp\/v2\/types\/product"}],"wp:featuredmedia":[{"embeddable":true,"href":"https:\/\/motokary-karting.sk\/cz\/wp-json\/wp\/v2\/media\/22770"}],"wp:attachment":[{"href":"https:\/\/motokary-karting.sk\/cz\/wp-json\/wp\/v2\/media?parent=22707"}],"wp:term":[{"taxonomy":"product_brand","embeddable":true,"href":"https:\/\/motokary-karting.sk\/cz\/wp-json\/wp\/v2\/product_brand?post=22707"},{"taxonomy":"product_cat","embeddable":true,"href":"https:\/\/motokary-karting.sk\/cz\/wp-json\/wp\/v2\/product_cat?post=22707"},{"taxonomy":"product_tag","embeddable":true,"href":"https:\/\/motokary-karting.sk\/cz\/wp-json\/wp\/v2\/product_tag?post=22707"}],"curies":[{"name":"wp","href":"https:\/\/api.w.org\/{rel}","templated":true}]}}