{"id":2275,"date":"2020-08-10T22:33:51","date_gmt":"2020-08-10T22:33:51","guid":{"rendered":"https:\/\/motokary-karting.sk\/?post_type=product&#038;p=2275"},"modified":"2026-04-08T13:53:20","modified_gmt":"2026-04-08T13:53:20","slug":"kliny-zadni-napravy-2-cepy","status":"publish","type":"product","link":"https:\/\/motokary-karting.sk\/cz\/produkt\/klin-na-zadnu-os-2-pinovy\/","title":{"rendered":"Kl\u00edn pro zadn\u00ed n\u00e1pravu 2-p\u00f3lov\u00fd"},"content":{"rendered":"","protected":false},"excerpt":{"rendered":"","protected":false},"featured_media":2276,"template":"","meta":[],"product_brand":[],"product_cat":[271,668,670,671,368],"product_tag":[2361,142,1344,1300,308,2366,34,2365],"class_list":{"0":"post-2275","1":"product","2":"type-product","3":"status-publish","4":"has-post-thumbnail","6":"product_cat-nahradne-diely-na-podvozky","7":"product_cat-o-30mm-zadne-osi-prislusenstvo","8":"product_cat-o-40mm-zadne-osi-prislusenstvo","9":"product_cat-o-50mm-zadne-osi-prislusenstvo","10":"product_cat-zadne-osi-prislusenstvo","11":"product_tag-diely-na-motokary","12":"product_tag-karting","13":"product_tag-karting-shop","14":"product_tag-klin-na-zadnu-os","15":"product_tag-kliny-na-zadnu-os","16":"product_tag-kluc-na-zadnu-os","17":"product_tag-motokara","18":"product_tag-zadna-os-motokara","20":"first","21":"instock","22":"taxable","23":"shipping-taxable","24":"purchasable","25":"product-type-variable","26":"customify-col","27":"product-has-gallery"},"aioseo_notices":[],"_links":{"self":[{"href":"https:\/\/motokary-karting.sk\/cz\/wp-json\/wp\/v2\/product\/2275","targetHints":{"allow":["GET"]}}],"collection":[{"href":"https:\/\/motokary-karting.sk\/cz\/wp-json\/wp\/v2\/product"}],"about":[{"href":"https:\/\/motokary-karting.sk\/cz\/wp-json\/wp\/v2\/types\/product"}],"wp:featuredmedia":[{"embeddable":true,"href":"https:\/\/motokary-karting.sk\/cz\/wp-json\/wp\/v2\/media\/2276"}],"wp:attachment":[{"href":"https:\/\/motokary-karting.sk\/cz\/wp-json\/wp\/v2\/media?parent=2275"}],"wp:term":[{"taxonomy":"product_brand","embeddable":true,"href":"https:\/\/motokary-karting.sk\/cz\/wp-json\/wp\/v2\/product_brand?post=2275"},{"taxonomy":"product_cat","embeddable":true,"href":"https:\/\/motokary-karting.sk\/cz\/wp-json\/wp\/v2\/product_cat?post=2275"},{"taxonomy":"product_tag","embeddable":true,"href":"https:\/\/motokary-karting.sk\/cz\/wp-json\/wp\/v2\/product_tag?post=2275"}],"curies":[{"name":"wp","href":"https:\/\/api.w.org\/{rel}","templated":true}]}}