{"id":22774,"date":"2024-04-18T16:50:16","date_gmt":"2024-04-18T16:50:16","guid":{"rendered":"https:\/\/motokary-karting.sk\/?post_type=product&#038;p=22774"},"modified":"2026-01-28T16:42:48","modified_gmt":"2026-01-28T16:42:48","slug":"zadni-spoiler-na-helmu-zamp","status":"publish","type":"product","link":"https:\/\/motokary-karting.sk\/cz\/produkt\/zamp-zadny-spojler-na-prilbu\/","title":{"rendered":"Zadn\u00ed spoiler na p\u0159ilbu ZAMP"},"content":{"rendered":"<p>Tento zadn\u00ed spoiler s vynikaj\u00edc\u00ed konstrukc\u00ed je skv\u011blou volbou pro v\u0161echny z\u00e1vodn\u00edky Zamp, kte\u0159\u00ed cht\u011bj\u00ed sn\u00ed\u017eit pohyb a odpor vzduchu p\u0159i z\u00e1vod\u011bn\u00ed v otev\u0159en\u00e9m kokpitu. Tento zadn\u00ed spoiler, kter\u00fd se snadno montuje a je ide\u00e1ln\u00ed pro motok\u00e1ry, lze namontovat na n\u00e1sleduj\u00edc\u00ed p\u0159ilby:<\/p>\n<p>Grafika RZ 44CE \/ RZ 44CE<br \/>\nRZ 70E<br \/>\nRZ 42 Ml\u00e1de\u017e<br \/>\nRZ 65D \/ RZ 65D \u0161ed\u00e1\/\u010dern\u00e1<br \/>\nRZ 62<\/p>","protected":false},"excerpt":{"rendered":"<p>Tento zadn\u00ed spoiler s vynikaj\u00edc\u00edm designem je skv\u011blou volbou pro v\u0161echny z\u00e1vodn\u00edky Zamp, kte\u0159\u00ed cht\u011bj\u00ed sn\u00ed\u017eit pohyb a odpor vzduchu p\u0159i z\u00e1vodech v otev\u0159en\u00e9m...<\/p>","protected":false},"featured_media":22775,"template":"","meta":[],"product_brand":[],"product_cat":[21,18,3348],"product_tag":[142,1344,81,1670,1669,2939,2940],"class_list":{"0":"post-22774","1":"product","2":"type-product","3":"status-publish","4":"has-post-thumbnail","6":"product_cat-prilby","7":"product_cat-vybava-pretekara","8":"product_cat-zamp-prislusenstvo","9":"product_tag-karting","10":"product_tag-karting-shop","11":"product_tag-motokary","12":"product_tag-prilba-stilo","13":"product_tag-stilo-prilby","14":"product_tag-stilo-zadny-spojler","15":"product_tag-zadny-spojler-stilo","17":"first","18":"instock","19":"taxable","20":"shipping-taxable","21":"purchasable","22":"product-type-simple","23":"customify-col","24":"product-has-gallery"},"aioseo_notices":[],"_links":{"self":[{"href":"https:\/\/motokary-karting.sk\/cz\/wp-json\/wp\/v2\/product\/22774","targetHints":{"allow":["GET"]}}],"collection":[{"href":"https:\/\/motokary-karting.sk\/cz\/wp-json\/wp\/v2\/product"}],"about":[{"href":"https:\/\/motokary-karting.sk\/cz\/wp-json\/wp\/v2\/types\/product"}],"wp:featuredmedia":[{"embeddable":true,"href":"https:\/\/motokary-karting.sk\/cz\/wp-json\/wp\/v2\/media\/22775"}],"wp:attachment":[{"href":"https:\/\/motokary-karting.sk\/cz\/wp-json\/wp\/v2\/media?parent=22774"}],"wp:term":[{"taxonomy":"product_brand","embeddable":true,"href":"https:\/\/motokary-karting.sk\/cz\/wp-json\/wp\/v2\/product_brand?post=22774"},{"taxonomy":"product_cat","embeddable":true,"href":"https:\/\/motokary-karting.sk\/cz\/wp-json\/wp\/v2\/product_cat?post=22774"},{"taxonomy":"product_tag","embeddable":true,"href":"https:\/\/motokary-karting.sk\/cz\/wp-json\/wp\/v2\/product_tag?post=22774"}],"curies":[{"name":"wp","href":"https:\/\/api.w.org\/{rel}","templated":true}]}}