{"id":2289,"date":"2023-10-29T22:48:26","date_gmt":"2023-10-29T22:48:26","guid":{"rendered":"https:\/\/motokary-karting.sk\/?post_type=product&#038;p=2289"},"modified":"2026-04-14T09:11:17","modified_gmt":"2026-04-14T09:11:17","slug":"predni-retezove-kolo-rotax","status":"publish","type":"product","link":"https:\/\/motokary-karting.sk\/cz\/produkt\/rotax-predne-ozubene-kolecko\/","title":{"rendered":"P\u0159edn\u00ed ozuben\u00e9 kolo Rotax"},"content":{"rendered":"","protected":false},"excerpt":{"rendered":"","protected":false},"featured_media":2659,"template":"","meta":[],"product_brand":[],"product_cat":[645,744,2682],"product_tag":[2429,782,783,142,81,2469,2468,618,754,619,2470,620],"class_list":{"0":"post-2289","1":"product","2":"type-product","3":"status-publish","4":"has-post-thumbnail","6":"product_cat-nahradne-diely-na-motory","7":"product_cat-rotax-max","8":"product_cat-sekcia-spojka","9":"product_tag-diely-na-rotax","10":"product_tag-engine-sprocket","11":"product_tag-engine-sprocket-rotax","12":"product_tag-karting","13":"product_tag-motokary","14":"product_tag-ozubene-kolocko-rotax","15":"product_tag-predne-ozubene-kolecko-rotax","16":"product_tag-rotax","17":"product_tag-rotax-diely","18":"product_tag-rotax-front-sprocket","19":"product_tag-rotax-ozubene-kolo","20":"product_tag-rotax-rebuild-engine-sprocket","22":"first","23":"instock","24":"taxable","25":"shipping-taxable","26":"purchasable","27":"product-type-variable","28":"customify-col"},"aioseo_notices":[],"_links":{"self":[{"href":"https:\/\/motokary-karting.sk\/cz\/wp-json\/wp\/v2\/product\/2289","targetHints":{"allow":["GET"]}}],"collection":[{"href":"https:\/\/motokary-karting.sk\/cz\/wp-json\/wp\/v2\/product"}],"about":[{"href":"https:\/\/motokary-karting.sk\/cz\/wp-json\/wp\/v2\/types\/product"}],"wp:featuredmedia":[{"embeddable":true,"href":"https:\/\/motokary-karting.sk\/cz\/wp-json\/wp\/v2\/media\/2659"}],"wp:attachment":[{"href":"https:\/\/motokary-karting.sk\/cz\/wp-json\/wp\/v2\/media?parent=2289"}],"wp:term":[{"taxonomy":"product_brand","embeddable":true,"href":"https:\/\/motokary-karting.sk\/cz\/wp-json\/wp\/v2\/product_brand?post=2289"},{"taxonomy":"product_cat","embeddable":true,"href":"https:\/\/motokary-karting.sk\/cz\/wp-json\/wp\/v2\/product_cat?post=2289"},{"taxonomy":"product_tag","embeddable":true,"href":"https:\/\/motokary-karting.sk\/cz\/wp-json\/wp\/v2\/product_tag?post=2289"}],"curies":[{"name":"wp","href":"https:\/\/api.w.org\/{rel}","templated":true}]}}