{"id":23090,"date":"2024-04-19T11:59:14","date_gmt":"2024-04-19T11:59:14","guid":{"rendered":"https:\/\/motokary-karting.sk\/?post_type=product&#038;p=23090"},"modified":"2026-02-11T10:39:39","modified_gmt":"2026-02-11T10:39:39","slug":"prilba-zr70-e","status":"publish","type":"product","link":"https:\/\/motokary-karting.sk\/cz\/produkt\/zamp-prilba-zr70-e\/","title":{"rendered":"P\u0159ilba ZAMP RZ70 E"},"content":{"rendered":"<p>P\u0159edstavujeme revolu\u010dn\u00ed p\u0159ilbu RZ-70E SWITCH. N\u00e1\u0161 jedine\u010dn\u00fd syst\u00e9m umo\u017e\u0148uje snadnou konfiguraci p\u0159ilby pro r\u016fzn\u00e1 z\u00e1vodn\u00ed nastaven\u00ed. P\u0159id\u00e1n\u00ed komunikace nebo hydratace do va\u0161\u00ed p\u0159ilby nebylo nikdy tak snadn\u00e9!<\/p>\n<p>&nbsp;<\/p>\n<p>Tato p\u0159ilba je vybavena nov\u00fdm syst\u00e9mem DDAIR-SYSTEM, co\u017e je nov\u00fd syst\u00e9m odleh\u010den\u00ed integrace vzduchu s dvojitou hustotou. Pln\u00e9 360stup\u0148ov\u00e9 veden\u00ed vzduchu zaji\u0161\u0165uje dokonal\u00e9 proud\u011bn\u00ed vzduchu. Studen\u00fd vzduch do p\u0159ilby vstupuje, tepl\u00fd vzduch z p\u0159ilby vych\u00e1z\u00ed.<\/p>\n<p>Lehk\u00fd pl\u00e1\u0161\u0165 z aramidov\u00e9 kompozitn\u00ed sm\u011bsi<br \/>\nZ-Design ve sko\u0159epin\u011b zaji\u0161\u0165uje cirkulaci vzduchu v cel\u00e9 sko\u0159epin\u011b pomoc\u00ed velk\u00fdch vnit\u0159n\u00edch kan\u00e1l\u016f.<br \/>\nKan\u00e1ly v podbradn\u00edm panelu EPS umo\u017e\u0148uj\u00ed snadnou instalaci komunika\u010dn\u00edch\/mikrofonn\u00edch a n\u00e1pojov\u00fdch trubek.<br \/>\n3mm \u010dir\u00fd \u0161t\u00edt \u0159ady ZF-20 s odtrh\u00e1vac\u00edmi sloupky, kter\u00e9 pou\u017e\u00edvaj\u00ed 12,125palcov\u00e9 odtrh\u00e1vac\u00ed sloupky ve stylu ban\u00e1n\u016f.<br \/>\nVlo\u017eky M6 pro podporu hlavy a krku<br \/>\nTroj\u00faheln\u00edkov\u00e9 \u010depice Aero Cap NEBO Komunika\u010dn\u00ed \u010depice<br \/>\nInstalace pro komunikaci a hydrataci<br \/>\nSchv\u00e1leno FIA 8859-2015\/Snell SA-2020<br \/>\nHmotnost: p\u0159ibli\u017en\u011b 1510 g +\/- 30 g ve velikosti M<\/p>","protected":false},"excerpt":{"rendered":"<p>P\u0159edstavujeme revolu\u010dn\u00ed p\u0159ilbu RZ-70E SWITCH. N\u00e1\u0161 jedine\u010dn\u00fd syst\u00e9m umo\u017e\u0148uje snadnou konfiguraci p\u0159ilby pro r\u016fzn\u00e1 z\u00e1vodn\u00ed nastaven\u00ed. P\u0159id\u00e1n\u00ed komunikace nebo hydratace do p\u0159ilby nebylo nikdy jednodu\u0161\u0161\u00ed....<\/p>","protected":false},"featured_media":23179,"template":"","meta":[],"product_brand":[],"product_cat":[21,18,3342],"product_tag":[142,1344,3343,977,984,81,3344,985,3347,3345,3346],"class_list":{"0":"post-23090","1":"product","2":"type-product","3":"status-publish","4":"has-post-thumbnail","6":"product_cat-prilby","7":"product_cat-vybava-pretekara","8":"product_cat-zamp-helmets","9":"product_tag-karting","10":"product_tag-karting-shop","11":"product_tag-kartingova-prilba","12":"product_tag-lewis-hamilton","13":"product_tag-motokarova-prilba","14":"product_tag-motokary","15":"product_tag-prilba-na-karting","16":"product_tag-prilba-na-motokary","17":"product_tag-prilba-zamp","18":"product_tag-zamp-helmets","19":"product_tag-zamp-prilby","21":"first","22":"onbackorder","23":"sale","24":"taxable","25":"shipping-taxable","26":"purchasable","27":"product-type-variable","28":"customify-col","29":"product-has-gallery"},"aioseo_notices":[],"_links":{"self":[{"href":"https:\/\/motokary-karting.sk\/cz\/wp-json\/wp\/v2\/product\/23090","targetHints":{"allow":["GET"]}}],"collection":[{"href":"https:\/\/motokary-karting.sk\/cz\/wp-json\/wp\/v2\/product"}],"about":[{"href":"https:\/\/motokary-karting.sk\/cz\/wp-json\/wp\/v2\/types\/product"}],"wp:featuredmedia":[{"embeddable":true,"href":"https:\/\/motokary-karting.sk\/cz\/wp-json\/wp\/v2\/media\/23179"}],"wp:attachment":[{"href":"https:\/\/motokary-karting.sk\/cz\/wp-json\/wp\/v2\/media?parent=23090"}],"wp:term":[{"taxonomy":"product_brand","embeddable":true,"href":"https:\/\/motokary-karting.sk\/cz\/wp-json\/wp\/v2\/product_brand?post=23090"},{"taxonomy":"product_cat","embeddable":true,"href":"https:\/\/motokary-karting.sk\/cz\/wp-json\/wp\/v2\/product_cat?post=23090"},{"taxonomy":"product_tag","embeddable":true,"href":"https:\/\/motokary-karting.sk\/cz\/wp-json\/wp\/v2\/product_tag?post=23090"}],"curies":[{"name":"wp","href":"https:\/\/api.w.org\/{rel}","templated":true}]}}