{"id":23356,"date":"2024-04-19T13:51:50","date_gmt":"2024-04-19T13:51:50","guid":{"rendered":"https:\/\/motokary-karting.sk\/?post_type=product&#038;p=23356"},"modified":"2025-08-19T17:01:44","modified_gmt":"2025-08-19T17:01:44","slug":"naslouchatka-pro-helmy-zamp","status":"publish","type":"product","link":"https:\/\/motokary-karting.sk\/cz\/produkt\/zamp-sluchadla-do-prilby\/","title":{"rendered":"Sluch\u00e1tka na helmu ZAMP"},"content":{"rendered":"<p>Sada n\u00e1u\u0161n\u00edk\u016f s reproduktory od spole\u010dnosti Zamp v\u00e1m umo\u017en\u00ed jednosm\u011brnou nebo obousm\u011brnou komunikaci ve va\u0161\u00ed obl\u00edben\u00e9 helm\u011b. Tyto n\u00e1u\u0161n\u00edky s reproduktory se snadno instaluj\u00ed a nastavuj\u00ed a pro snadnou instalaci a pou\u017e\u00edv\u00e1n\u00ed se p\u0159ipev\u0148uj\u00ed uvnit\u0159 p\u0159ilby.<\/p>\n<p>Vysoce kvalitn\u00ed reproduktor o pr\u016fm\u011bru 28 mm<br \/>\n3,5 mm stereofonn\u00ed z\u00e1str\u010dka funguje pro jednosm\u011brn\u00e9 p\u0159ij\u00edma\u010de nebo obousm\u011brn\u00e9 komunika\u010dn\u00ed syst\u00e9my.<br \/>\nKapsy na such\u00fd zip v n\u00e1u\u0161n\u00edc\u00edch pro snadnou instalaci do p\u0159ilby<br \/>\nD\u00edky mal\u00e9 velikosti je lze um\u00edstit do n\u00e1u\u0161n\u00edk\u016f.<br \/>\nNa\u0161e reproduktory jsou navr\u017eeny tak, aby pou\u017e\u00edvaly minim\u00e1ln\u00ed kabel\u00e1\u017e a umo\u017e\u0148ovaly jednoduchou a \u010distou instalaci.10 palc\u016f dr\u00e1tu od reproduktoru k reproduktoru.<\/p>\n<p>Kompatibiln\u00ed s p\u0159ilbami: <strong>RZ 44CE \/ RZ 70E \/ RL 70E \/ RZ 65D \/ RZ 62<\/strong><\/p>","protected":false},"excerpt":{"rendered":"<p>Sada n\u00e1u\u0161n\u00edk\u016f s reproduktory od spole\u010dnosti Zamp v\u00e1m umo\u017en\u00ed jednosm\u011brnou nebo obousm\u011brnou komunikaci ve va\u0161\u00ed obl\u00edben\u00e9 helm\u011b. Tato sluch\u00e1tka s reproduktory se snadno instaluj\u00ed a...<\/p>","protected":false},"featured_media":23357,"template":"","meta":[],"product_brand":[],"product_cat":[21,18,3348],"product_tag":[142,1344,81,1670,1669,2939,2940],"class_list":{"0":"post-23356","1":"product","2":"type-product","3":"status-publish","4":"has-post-thumbnail","6":"product_cat-prilby","7":"product_cat-vybava-pretekara","8":"product_cat-zamp-prislusenstvo","9":"product_tag-karting","10":"product_tag-karting-shop","11":"product_tag-motokary","12":"product_tag-prilba-stilo","13":"product_tag-stilo-prilby","14":"product_tag-stilo-zadny-spojler","15":"product_tag-zadny-spojler-stilo","17":"first","18":"onbackorder","19":"taxable","20":"shipping-taxable","21":"purchasable","22":"product-type-simple","23":"customify-col"},"aioseo_notices":[],"_links":{"self":[{"href":"https:\/\/motokary-karting.sk\/cz\/wp-json\/wp\/v2\/product\/23356","targetHints":{"allow":["GET"]}}],"collection":[{"href":"https:\/\/motokary-karting.sk\/cz\/wp-json\/wp\/v2\/product"}],"about":[{"href":"https:\/\/motokary-karting.sk\/cz\/wp-json\/wp\/v2\/types\/product"}],"wp:featuredmedia":[{"embeddable":true,"href":"https:\/\/motokary-karting.sk\/cz\/wp-json\/wp\/v2\/media\/23357"}],"wp:attachment":[{"href":"https:\/\/motokary-karting.sk\/cz\/wp-json\/wp\/v2\/media?parent=23356"}],"wp:term":[{"taxonomy":"product_brand","embeddable":true,"href":"https:\/\/motokary-karting.sk\/cz\/wp-json\/wp\/v2\/product_brand?post=23356"},{"taxonomy":"product_cat","embeddable":true,"href":"https:\/\/motokary-karting.sk\/cz\/wp-json\/wp\/v2\/product_cat?post=23356"},{"taxonomy":"product_tag","embeddable":true,"href":"https:\/\/motokary-karting.sk\/cz\/wp-json\/wp\/v2\/product_tag?post=23356"}],"curies":[{"name":"wp","href":"https:\/\/api.w.org\/{rel}","templated":true}]}}