{"id":23358,"date":"2024-04-19T13:56:04","date_gmt":"2024-04-19T13:56:04","guid":{"rendered":"https:\/\/motokary-karting.sk\/?post_type=product&#038;p=23358"},"modified":"2025-08-19T16:55:56","modified_gmt":"2025-08-19T16:55:56","slug":"zamp-slzna-folie-pro-plexi","status":"publish","type":"product","link":"https:\/\/motokary-karting.sk\/cz\/produkt\/zamp-trhacia-folia-na-plexi\/","title":{"rendered":"Slzn\u00e1 f\u00f3lie ZAMP pro plexi Z20"},"content":{"rendered":"<p>Odtrh\u00e1vac\u00ed \u0161t\u00edty Zamp jsou ur\u010deny k pou\u017eit\u00ed na p\u0159ilb\u00e1ch Zamp. Pokud z\u00e1vod\u00edte v otev\u0159en\u00e9 d\u00ed\u0159e na stepu a chcete m\u00edt jistotu, \u017ee budete m\u00edt dobr\u00fd v\u00fdhled a budete se soust\u0159edit na cestu, ur\u010dit\u011b si po\u0159i\u010fte odtrh\u00e1vac\u00ed \u0161t\u00edt. Snadno se montuje a snadno se pou\u017e\u00edv\u00e1.<\/p>\n<p>Jedno balen\u00ed obsahuje 3 sady po 8 skl\u00e1dan\u00fdch riperech.<\/p>\n<p>&nbsp;<\/p>\n<p>Vizu\u00e1ln\u00ed propustnost sv\u011btla = 90 % v porovn\u00e1n\u00ed s konkuren\u010dn\u00edmi 8 vrstvami s propustnost\u00ed 83,7 %.<\/p>\n<p>Optick\u00e1 mlha = 0,73 % ve srovn\u00e1n\u00ed s konkuren\u010dn\u00edmi 8 vrstvami p\u0159i 2,67 %.<\/p>\n<p>&nbsp;<\/p>\n<p>&nbsp;<\/p>\n<p>&nbsp;<\/p>","protected":false},"excerpt":{"rendered":"<p>Odtrh\u00e1vac\u00ed \u0161t\u00edty Zamp jsou ur\u010deny k pou\u017eit\u00ed na p\u0159ilb\u00e1ch Zamp. Pokud z\u00e1vod\u00edte v otev\u0159en\u00e9m otvoru na stepu a chcete m\u00edt jistotu, \u017ee budete m\u00edt dobr\u00fd v\u00fdhled...<\/p>","protected":false},"featured_media":23359,"template":"","meta":[],"product_brand":[],"product_cat":[21,18,3348],"product_tag":[142,1344,81,1670,1669,2939,2940],"class_list":{"0":"post-23358","1":"product","2":"type-product","3":"status-publish","4":"has-post-thumbnail","6":"product_cat-prilby","7":"product_cat-vybava-pretekara","8":"product_cat-zamp-prislusenstvo","9":"product_tag-karting","10":"product_tag-karting-shop","11":"product_tag-motokary","12":"product_tag-prilba-stilo","13":"product_tag-stilo-prilby","14":"product_tag-stilo-zadny-spojler","15":"product_tag-zadny-spojler-stilo","17":"first","18":"instock","19":"sale","20":"taxable","21":"shipping-taxable","22":"purchasable","23":"product-type-simple","24":"customify-col"},"aioseo_notices":[],"_links":{"self":[{"href":"https:\/\/motokary-karting.sk\/cz\/wp-json\/wp\/v2\/product\/23358","targetHints":{"allow":["GET"]}}],"collection":[{"href":"https:\/\/motokary-karting.sk\/cz\/wp-json\/wp\/v2\/product"}],"about":[{"href":"https:\/\/motokary-karting.sk\/cz\/wp-json\/wp\/v2\/types\/product"}],"wp:featuredmedia":[{"embeddable":true,"href":"https:\/\/motokary-karting.sk\/cz\/wp-json\/wp\/v2\/media\/23359"}],"wp:attachment":[{"href":"https:\/\/motokary-karting.sk\/cz\/wp-json\/wp\/v2\/media?parent=23358"}],"wp:term":[{"taxonomy":"product_brand","embeddable":true,"href":"https:\/\/motokary-karting.sk\/cz\/wp-json\/wp\/v2\/product_brand?post=23358"},{"taxonomy":"product_cat","embeddable":true,"href":"https:\/\/motokary-karting.sk\/cz\/wp-json\/wp\/v2\/product_cat?post=23358"},{"taxonomy":"product_tag","embeddable":true,"href":"https:\/\/motokary-karting.sk\/cz\/wp-json\/wp\/v2\/product_tag?post=23358"}],"curies":[{"name":"wp","href":"https:\/\/api.w.org\/{rel}","templated":true}]}}