{"id":23363,"date":"2024-04-19T14:08:59","date_gmt":"2024-04-19T14:08:59","guid":{"rendered":"https:\/\/motokary-karting.sk\/?post_type=product&#038;p=23363"},"modified":"2026-01-28T19:34:45","modified_gmt":"2026-01-28T19:34:45","slug":"zamp-velka-taska-na-3-helmy","status":"publish","type":"product","link":"https:\/\/motokary-karting.sk\/cz\/produkt\/zamp-velka-taska-na-3-prilby\/","title":{"rendered":"Velk\u00e1 ta\u0161ka ZAMP na 3 helmy"},"content":{"rendered":"<p>ZAMP s hrdost\u00ed p\u0159edstavuje na\u0161e nov\u00e9 3 bra\u0161ny na helmy! Tato stylov\u00e1 a profesion\u00e1ln\u00ed bra\u0161na byla navr\u017eena s ohledem na z\u00e1vodn\u00edky a m\u00e1 m\u011bkkou vnit\u0159n\u00ed v\u00fdstelku, kter\u00e1 chr\u00e1n\u00ed va\u0161e p\u0159ilby. N\u00e1\u0161 obd\u00e9ln\u00edkov\u00fd design umo\u017e\u0148uje v bra\u0161n\u011b p\u0159epravovat tak\u00e9 va\u0161e obl\u00edben\u00e9 p\u0159\u00edslu\u0161enstv\u00ed Zamp. Na\u0161e bra\u0161ny na helmy maj\u00ed tak\u00e9 velk\u00fd p\u0159edn\u00ed otvor, d\u00edky kter\u00e9mu je vyj\u00edm\u00e1n\u00ed helem pohodln\u00e9 a snadn\u00e9.<\/p>\n<p>Mezi funkce pat\u0159\u00ed:<\/p>\n<p>Atraktivn\u00ed \u010dern\u00fd design<br \/>\nPly\u0161ov\u00fd interi\u00e9r<br \/>\nVelk\u00fd otvor s dvojit\u00fdm zipem pro snadn\u00fd p\u0159\u00edstup<br \/>\nVhodn\u00e9 pro 3 p\u0159ilby<br \/>\nDvojit\u00e1 dr\u017eadla, snadn\u00e9 p\u0159en\u00e1\u0161en\u00ed<br \/>\nVhodn\u00e9 pro v\u0161echny p\u0159ilby Zamp<\/p>","protected":false},"excerpt":{"rendered":"<p>ZAMP s hrdost\u00ed p\u0159edstavuje na\u0161e nov\u00e9 3 bra\u0161ny na helmy! Tato stylov\u00e1 a profesion\u00e1ln\u00ed bra\u0161na byla navr\u017eena s ohledem na z\u00e1vodn\u00edky a je vybavena m\u011bkkou vnit\u0159n\u00ed v\u00fdstelkou, kter\u00e1...<\/p>","protected":false},"featured_media":23365,"template":"","meta":[],"product_brand":[],"product_cat":[32,734,1579,158],"product_tag":[1728,142,81,1851,1853,26,1854,1755,1852,728],"class_list":{"0":"post-23363","1":"product","2":"type-product","3":"status-publish","4":"has-post-thumbnail","6":"product_cat-lifestyle-oblecenie-a-produkty-na-volny-cas","7":"product_cat-ruksaky-tasky-na-prilby","8":"product_cat-tasky-na-prilby","9":"product_cat-tip-na-darcek","10":"product_tag-kart-shop","11":"product_tag-karting","12":"product_tag-motokary","13":"product_tag-oba-lan-prilbu","14":"product_tag-obal-na-prilbu-sparco","15":"product_tag-sparco","16":"product_tag-sparco-obal-na-prilbu","17":"product_tag-sparco-shop","18":"product_tag-sparco-taska-na-prilbu","19":"product_tag-taska-na-helmu","21":"first","22":"instock","23":"taxable","24":"shipping-taxable","25":"purchasable","26":"product-type-simple","27":"customify-col","28":"product-has-gallery"},"aioseo_notices":[],"_links":{"self":[{"href":"https:\/\/motokary-karting.sk\/cz\/wp-json\/wp\/v2\/product\/23363","targetHints":{"allow":["GET"]}}],"collection":[{"href":"https:\/\/motokary-karting.sk\/cz\/wp-json\/wp\/v2\/product"}],"about":[{"href":"https:\/\/motokary-karting.sk\/cz\/wp-json\/wp\/v2\/types\/product"}],"wp:featuredmedia":[{"embeddable":true,"href":"https:\/\/motokary-karting.sk\/cz\/wp-json\/wp\/v2\/media\/23365"}],"wp:attachment":[{"href":"https:\/\/motokary-karting.sk\/cz\/wp-json\/wp\/v2\/media?parent=23363"}],"wp:term":[{"taxonomy":"product_brand","embeddable":true,"href":"https:\/\/motokary-karting.sk\/cz\/wp-json\/wp\/v2\/product_brand?post=23363"},{"taxonomy":"product_cat","embeddable":true,"href":"https:\/\/motokary-karting.sk\/cz\/wp-json\/wp\/v2\/product_cat?post=23363"},{"taxonomy":"product_tag","embeddable":true,"href":"https:\/\/motokary-karting.sk\/cz\/wp-json\/wp\/v2\/product_tag?post=23363"}],"curies":[{"name":"wp","href":"https:\/\/api.w.org\/{rel}","templated":true}]}}