{"id":23368,"date":"2024-04-19T14:13:05","date_gmt":"2024-04-19T14:13:05","guid":{"rendered":"https:\/\/motokary-karting.sk\/?post_type=product&#038;p=23368"},"modified":"2026-03-24T05:48:51","modified_gmt":"2026-03-24T05:48:51","slug":"tryskaci-sada-zamp-pro-prilby-zamp","status":"publish","type":"product","link":"https:\/\/motokary-karting.sk\/cz\/produkt\/zamp-srobovacia-sada-na-prilby-zamp\/","title":{"rendered":"Sada pro mont\u00e1\u017e p\u0159ilby ZAMP ZAMP"},"content":{"rendered":"<p>Tyto eloxovan\u00e9 n\u00e1hradn\u00ed \u0161rouby hled\u00ed, kter\u00e9 jsou k dispozici v 7 r\u016fzn\u00fdch barv\u00e1ch, nab\u00edzej\u00ed dal\u0161\u00ed fantastick\u00fd zp\u016fsob, jak si p\u0159izp\u016fsobit p\u0159ilbu a d\u00e1t j\u00ed vyniknout na startovn\u00edm ro\u0161tu.<\/p>\n<p>Kompatibiln\u00ed se v\u0161emi p\u0159ilbami Zamp Z20 Visor.<\/p>\n<p>Sada obsahuje: 2 velk\u00e9 eloxovan\u00e9 \u0161rouby \u0161t\u00edtu, 2 eloxovan\u00e1 oto\u010dn\u00e1 vod\u00edtka \u0161t\u00edtu.<\/p>\n<p>*Tyto \u0161rouby hled\u00ed jsou produktem z trhu s n\u00e1hradn\u00edmi d\u00edly, kter\u00fd byl vyroben pod zna\u010dkou Antman Custom TriX.<\/p>","protected":false},"excerpt":{"rendered":"<p>Tyto eloxovan\u00e9 n\u00e1hradn\u00ed \u0161rouby hled\u00ed, kter\u00e9 jsou k dispozici v 7 r\u016fzn\u00fdch barv\u00e1ch, nab\u00edzej\u00ed dal\u0161\u00ed fantastick\u00fd zp\u016fsob, jak si p\u0159izp\u016fsobit p\u0159ilbu a d\u00e1t j\u00ed vyniknout na startovn\u00edm ro\u0161tu. Kompatibiln\u00ed s...<\/p>","protected":false},"featured_media":28948,"template":"","meta":[],"product_brand":[],"product_cat":[21,18,3348],"product_tag":[142,1344,81,1670,1669,2939,2940],"class_list":{"0":"post-23368","1":"product","2":"type-product","3":"status-publish","4":"has-post-thumbnail","6":"product_cat-prilby","7":"product_cat-vybava-pretekara","8":"product_cat-zamp-prislusenstvo","9":"product_tag-karting","10":"product_tag-karting-shop","11":"product_tag-motokary","12":"product_tag-prilba-stilo","13":"product_tag-stilo-prilby","14":"product_tag-stilo-zadny-spojler","15":"product_tag-zadny-spojler-stilo","17":"first","18":"instock","19":"taxable","20":"shipping-taxable","21":"purchasable","22":"product-type-variable","23":"customify-col"},"aioseo_notices":[],"_links":{"self":[{"href":"https:\/\/motokary-karting.sk\/cz\/wp-json\/wp\/v2\/product\/23368","targetHints":{"allow":["GET"]}}],"collection":[{"href":"https:\/\/motokary-karting.sk\/cz\/wp-json\/wp\/v2\/product"}],"about":[{"href":"https:\/\/motokary-karting.sk\/cz\/wp-json\/wp\/v2\/types\/product"}],"wp:featuredmedia":[{"embeddable":true,"href":"https:\/\/motokary-karting.sk\/cz\/wp-json\/wp\/v2\/media\/28948"}],"wp:attachment":[{"href":"https:\/\/motokary-karting.sk\/cz\/wp-json\/wp\/v2\/media?parent=23368"}],"wp:term":[{"taxonomy":"product_brand","embeddable":true,"href":"https:\/\/motokary-karting.sk\/cz\/wp-json\/wp\/v2\/product_brand?post=23368"},{"taxonomy":"product_cat","embeddable":true,"href":"https:\/\/motokary-karting.sk\/cz\/wp-json\/wp\/v2\/product_cat?post=23368"},{"taxonomy":"product_tag","embeddable":true,"href":"https:\/\/motokary-karting.sk\/cz\/wp-json\/wp\/v2\/product_tag?post=23368"}],"curies":[{"name":"wp","href":"https:\/\/api.w.org\/{rel}","templated":true}]}}