{"id":23392,"date":"2024-04-19T14:25:31","date_gmt":"2024-04-19T14:25:31","guid":{"rendered":"https:\/\/motokary-karting.sk\/?post_type=product&#038;p=23392"},"modified":"2025-08-25T11:14:30","modified_gmt":"2025-08-25T11:14:30","slug":"zamp-predni-spoiler-na-helmu","status":"publish","type":"product","link":"https:\/\/motokary-karting.sk\/cz\/produkt\/zamp-predny-spojler-na-prilbu\/","title":{"rendered":"P\u0159edn\u00ed spoiler na p\u0159ilbu ZAMP"},"content":{"rendered":"<p>Chin Spoiler je ide\u00e1ln\u00ed pro z\u00e1vody v otev\u0159en\u00e9m kokpitu, proto\u017ee zabra\u0148uje zved\u00e1n\u00ed p\u0159ilby p\u0159i vysok\u00fdch rychlostech a sni\u017euje odpor vzduchu. A co je nejd\u016fle\u017eit\u011bj\u0161\u00ed, v\u00fdrazn\u011b sni\u017euje z\u00e1t\u011b\u017e a s\u00edly p\u016fsob\u00edc\u00ed na hlavu a krk b\u011bhem z\u00e1vodu nebo stintu.<\/p>\n<p>Podbradn\u00ed spoiler je kompatibiln\u00ed s n\u00e1sleduj\u00edc\u00edmi p\u0159ilbami:<\/p>\n<p>Grafika RZ 44CE \/ RZ 44CE<br \/>\nRZ 70E<br \/>\nRZ 65D \/ RZ 65D \u0161ed\u00e1\/\u010dern\u00e1<br \/>\nRZ 62<\/p>","protected":false},"excerpt":{"rendered":"<p>Chin Spoiler je ide\u00e1ln\u00ed pro z\u00e1vody v otev\u0159en\u00e9m kokpitu, proto\u017ee zabra\u0148uje zved\u00e1n\u00ed p\u0159ilby p\u0159i vysok\u00fdch rychlostech a sni\u017euje odpor vzduchu. D\u016fle\u017eit\u00e9 je, \u017ee...<\/p>","protected":false},"featured_media":23395,"template":"","meta":[],"product_brand":[],"product_cat":[21,18,3348],"product_tag":[142,1344,81,1670,1669,2939,2940],"class_list":{"0":"post-23392","1":"product","2":"type-product","3":"status-publish","4":"has-post-thumbnail","6":"product_cat-prilby","7":"product_cat-vybava-pretekara","8":"product_cat-zamp-prislusenstvo","9":"product_tag-karting","10":"product_tag-karting-shop","11":"product_tag-motokary","12":"product_tag-prilba-stilo","13":"product_tag-stilo-prilby","14":"product_tag-stilo-zadny-spojler","15":"product_tag-zadny-spojler-stilo","17":"first","18":"onbackorder","19":"taxable","20":"shipping-taxable","21":"purchasable","22":"product-type-simple","23":"customify-col","24":"product-has-gallery"},"aioseo_notices":[],"_links":{"self":[{"href":"https:\/\/motokary-karting.sk\/cz\/wp-json\/wp\/v2\/product\/23392","targetHints":{"allow":["GET"]}}],"collection":[{"href":"https:\/\/motokary-karting.sk\/cz\/wp-json\/wp\/v2\/product"}],"about":[{"href":"https:\/\/motokary-karting.sk\/cz\/wp-json\/wp\/v2\/types\/product"}],"wp:featuredmedia":[{"embeddable":true,"href":"https:\/\/motokary-karting.sk\/cz\/wp-json\/wp\/v2\/media\/23395"}],"wp:attachment":[{"href":"https:\/\/motokary-karting.sk\/cz\/wp-json\/wp\/v2\/media?parent=23392"}],"wp:term":[{"taxonomy":"product_brand","embeddable":true,"href":"https:\/\/motokary-karting.sk\/cz\/wp-json\/wp\/v2\/product_brand?post=23392"},{"taxonomy":"product_cat","embeddable":true,"href":"https:\/\/motokary-karting.sk\/cz\/wp-json\/wp\/v2\/product_cat?post=23392"},{"taxonomy":"product_tag","embeddable":true,"href":"https:\/\/motokary-karting.sk\/cz\/wp-json\/wp\/v2\/product_tag?post=23392"}],"curies":[{"name":"wp","href":"https:\/\/api.w.org\/{rel}","templated":true}]}}