{"id":23396,"date":"2024-04-19T14:30:00","date_gmt":"2024-04-19T14:30:00","guid":{"rendered":"https:\/\/motokary-karting.sk\/?post_type=product&#038;p=23396"},"modified":"2025-08-19T16:58:17","modified_gmt":"2025-08-19T16:58:17","slug":"zadni-spoiler-na-helmu-zamp-rz70e","status":"publish","type":"product","link":"https:\/\/motokary-karting.sk\/cz\/produkt\/zamp-zadny-spojler-na-prilbu-rz70e\/","title":{"rendered":"Zadn\u00ed spoiler ZAMP pro p\u0159ilbu RZ70E"},"content":{"rendered":"<p>Stylov\u00fd a elegantn\u00ed zadn\u00ed spoiler RZ 70E se hod\u00ed k p\u0159ilb\u011b RZ 70E a zaji\u0161\u0165uje lep\u0161\u00ed aerodynamiku, kter\u00e1 pom\u00e1h\u00e1 zajistit stabiln\u011bj\u0161\u00ed p\u0159ilbu p\u0159i vysok\u00fdch rychlostech.<\/p>\n<p>Zadn\u00ed spoiler RZ 70E je dod\u00e1v\u00e1n s extra silnou oboustrannou lepic\u00ed p\u00e1skou, kter\u00e1 zaji\u0161\u0165uje bezpe\u010dn\u00e9 p\u0159ipevn\u011bn\u00ed spoileru k p\u0159ilb\u011b.<\/p>","protected":false},"excerpt":{"rendered":"<p>Stylov\u00fd a elegantn\u00ed zadn\u00ed spoiler RZ 70E se hod\u00ed k p\u0159ilb\u011b RZ 70E a zaji\u0161\u0165uje lep\u0161\u00ed aerodynamiku, kter\u00e1 pom\u00e1h\u00e1 zajistit stabiln\u011bj\u0161\u00ed p\u0159ilbu p\u0159i vysok\u00fdch rychlostech.....<\/p>","protected":false},"featured_media":23397,"template":"","meta":[],"product_brand":[],"product_cat":[21,18,3348],"product_tag":[142,1344,81,1670,1669,2939,2940],"class_list":{"0":"post-23396","1":"product","2":"type-product","3":"status-publish","4":"has-post-thumbnail","6":"product_cat-prilby","7":"product_cat-vybava-pretekara","8":"product_cat-zamp-prislusenstvo","9":"product_tag-karting","10":"product_tag-karting-shop","11":"product_tag-motokary","12":"product_tag-prilba-stilo","13":"product_tag-stilo-prilby","14":"product_tag-stilo-zadny-spojler","15":"product_tag-zadny-spojler-stilo","17":"first","18":"onbackorder","19":"taxable","20":"shipping-taxable","21":"purchasable","22":"product-type-simple","23":"customify-col","24":"product-has-gallery"},"aioseo_notices":[],"_links":{"self":[{"href":"https:\/\/motokary-karting.sk\/cz\/wp-json\/wp\/v2\/product\/23396","targetHints":{"allow":["GET"]}}],"collection":[{"href":"https:\/\/motokary-karting.sk\/cz\/wp-json\/wp\/v2\/product"}],"about":[{"href":"https:\/\/motokary-karting.sk\/cz\/wp-json\/wp\/v2\/types\/product"}],"wp:featuredmedia":[{"embeddable":true,"href":"https:\/\/motokary-karting.sk\/cz\/wp-json\/wp\/v2\/media\/23397"}],"wp:attachment":[{"href":"https:\/\/motokary-karting.sk\/cz\/wp-json\/wp\/v2\/media?parent=23396"}],"wp:term":[{"taxonomy":"product_brand","embeddable":true,"href":"https:\/\/motokary-karting.sk\/cz\/wp-json\/wp\/v2\/product_brand?post=23396"},{"taxonomy":"product_cat","embeddable":true,"href":"https:\/\/motokary-karting.sk\/cz\/wp-json\/wp\/v2\/product_cat?post=23396"},{"taxonomy":"product_tag","embeddable":true,"href":"https:\/\/motokary-karting.sk\/cz\/wp-json\/wp\/v2\/product_tag?post=23396"}],"curies":[{"name":"wp","href":"https:\/\/api.w.org\/{rel}","templated":true}]}}