{"id":23400,"date":"2024-04-19T14:33:56","date_gmt":"2024-04-19T14:33:56","guid":{"rendered":"https:\/\/motokary-karting.sk\/?post_type=product&#038;p=23400"},"modified":"2025-08-19T16:13:18","modified_gmt":"2025-08-19T16:13:18","slug":"zamp-nahradni-horni-polstrovani-pro-prilby-rz42","status":"publish","type":"product","link":"https:\/\/motokary-karting.sk\/cz\/produkt\/zamp-nahradne-polstrovanie-horne-pre-prilby-rz42\/","title":{"rendered":"N\u00e1hradn\u00ed polstrov\u00e1n\u00ed ZAMP pro p\u0159ilby RZ42 a RZ48"},"content":{"rendered":"<p>N\u00e1hradn\u00ed korunn\u00ed vlo\u017eka pro obl\u00edben\u00e9 p\u0159ilby pro ml\u00e1de\u017e RZ 42 a RZ 48. Pokud chcete obnovit svou p\u0159ilbu nebo zm\u011bnit velikost, pak jsou tyto vlo\u017eky Crown skv\u011blou volbou.<\/p>\n<p>&nbsp;<\/p>","protected":false},"excerpt":{"rendered":"<p>N\u00e1hradn\u00ed korunn\u00ed vlo\u017eka pro obl\u00edben\u00e9 p\u0159ilby pro ml\u00e1de\u017e RZ 42 a RZ 48. Pokud chcete svou p\u0159ilbu osv\u011b\u017eit nebo zm\u011bnit velikost, pak tyto vlo\u017eky Crown...<\/p>","protected":false},"featured_media":23405,"template":"","meta":[],"product_brand":[],"product_cat":[21,18,3348],"product_tag":[142,1344,81,1670,1669,2939,2940],"class_list":{"0":"post-23400","1":"product","2":"type-product","3":"status-publish","4":"has-post-thumbnail","6":"product_cat-prilby","7":"product_cat-vybava-pretekara","8":"product_cat-zamp-prislusenstvo","9":"product_tag-karting","10":"product_tag-karting-shop","11":"product_tag-motokary","12":"product_tag-prilba-stilo","13":"product_tag-stilo-prilby","14":"product_tag-stilo-zadny-spojler","15":"product_tag-zadny-spojler-stilo","17":"first","18":"onbackorder","19":"taxable","20":"shipping-taxable","21":"purchasable","22":"product-type-variable","23":"customify-col","24":"product-has-gallery"},"aioseo_notices":[],"_links":{"self":[{"href":"https:\/\/motokary-karting.sk\/cz\/wp-json\/wp\/v2\/product\/23400","targetHints":{"allow":["GET"]}}],"collection":[{"href":"https:\/\/motokary-karting.sk\/cz\/wp-json\/wp\/v2\/product"}],"about":[{"href":"https:\/\/motokary-karting.sk\/cz\/wp-json\/wp\/v2\/types\/product"}],"wp:featuredmedia":[{"embeddable":true,"href":"https:\/\/motokary-karting.sk\/cz\/wp-json\/wp\/v2\/media\/23405"}],"wp:attachment":[{"href":"https:\/\/motokary-karting.sk\/cz\/wp-json\/wp\/v2\/media?parent=23400"}],"wp:term":[{"taxonomy":"product_brand","embeddable":true,"href":"https:\/\/motokary-karting.sk\/cz\/wp-json\/wp\/v2\/product_brand?post=23400"},{"taxonomy":"product_cat","embeddable":true,"href":"https:\/\/motokary-karting.sk\/cz\/wp-json\/wp\/v2\/product_cat?post=23400"},{"taxonomy":"product_tag","embeddable":true,"href":"https:\/\/motokary-karting.sk\/cz\/wp-json\/wp\/v2\/product_tag?post=23400"}],"curies":[{"name":"wp","href":"https:\/\/api.w.org\/{rel}","templated":true}]}}