{"id":23420,"date":"2024-04-19T14:45:06","date_gmt":"2024-04-19T14:45:06","guid":{"rendered":"https:\/\/motokary-karting.sk\/?post_type=product&#038;p=23420"},"modified":"2024-09-05T13:36:43","modified_gmt":"2024-09-05T13:36:43","slug":"zamp-nahradni-polstrovani-horni-casti-prileb-rz62","status":"publish","type":"product","link":"https:\/\/motokary-karting.sk\/cz\/produkt\/zamp-nahradne-polstrovanie-horne-pre-prilby-rz62\/","title":{"rendered":"N\u00e1hradn\u00ed polstrov\u00e1n\u00ed ZAMP pro p\u0159ilby RZ62"},"content":{"rendered":"<p>N\u00e1hradn\u00ed korunn\u00ed vlo\u017eka pro p\u0159ilby RZ 62. Pokud chcete osv\u011b\u017eit interi\u00e9r sv\u00e9 p\u0159ilby nebo zm\u011bnit jej\u00ed velikost, pak je nov\u00e1 korunn\u00ed vlo\u017eka skv\u011blou volbou.<\/p>\n<p>K dispozici v 6 velikostech XS, S, M, L, XL, XXL.<\/p>\n<p>Upozor\u0148ujeme, \u017ee tyto p\u0159ilby maj\u00ed 2 velikosti sko\u0159epiny. Men\u0161\u00ed sko\u0159epina je vhodn\u00e1 pro velikosti XS, S a M. V\u011bt\u0161\u00ed sko\u0159epina je vhodn\u00e1 pro velikosti L, XL a XXL.<\/p>\n<p>SHELL 1 - XS | S | M<\/p>\n<p>SHELL 2 - L | XL | XXL<\/p>","protected":false},"excerpt":{"rendered":"<p>N\u00e1hradn\u00ed korunn\u00ed vlo\u017eka pro p\u0159ilby RZ 62. Pokud chcete osv\u011b\u017eit interi\u00e9r sv\u00e9 p\u0159ilby nebo zm\u011bnit jej\u00ed velikost, pak je nov\u00e1 korunn\u00ed vlo\u017eka skv\u011blou volbou. K dispozici je...<\/p>","protected":false},"featured_media":23418,"template":"","meta":[],"product_brand":[],"product_cat":[21,18,3348],"product_tag":[142,1344,81,1670,1669,2939,2940],"class_list":{"0":"post-23420","1":"product","2":"type-product","3":"status-publish","4":"has-post-thumbnail","6":"product_cat-prilby","7":"product_cat-vybava-pretekara","8":"product_cat-zamp-prislusenstvo","9":"product_tag-karting","10":"product_tag-karting-shop","11":"product_tag-motokary","12":"product_tag-prilba-stilo","13":"product_tag-stilo-prilby","14":"product_tag-stilo-zadny-spojler","15":"product_tag-zadny-spojler-stilo","17":"first","18":"onbackorder","19":"taxable","20":"shipping-taxable","21":"purchasable","22":"product-type-variable","23":"customify-col","24":"product-has-gallery"},"aioseo_notices":[],"_links":{"self":[{"href":"https:\/\/motokary-karting.sk\/cz\/wp-json\/wp\/v2\/product\/23420","targetHints":{"allow":["GET"]}}],"collection":[{"href":"https:\/\/motokary-karting.sk\/cz\/wp-json\/wp\/v2\/product"}],"about":[{"href":"https:\/\/motokary-karting.sk\/cz\/wp-json\/wp\/v2\/types\/product"}],"wp:featuredmedia":[{"embeddable":true,"href":"https:\/\/motokary-karting.sk\/cz\/wp-json\/wp\/v2\/media\/23418"}],"wp:attachment":[{"href":"https:\/\/motokary-karting.sk\/cz\/wp-json\/wp\/v2\/media?parent=23420"}],"wp:term":[{"taxonomy":"product_brand","embeddable":true,"href":"https:\/\/motokary-karting.sk\/cz\/wp-json\/wp\/v2\/product_brand?post=23420"},{"taxonomy":"product_cat","embeddable":true,"href":"https:\/\/motokary-karting.sk\/cz\/wp-json\/wp\/v2\/product_cat?post=23420"},{"taxonomy":"product_tag","embeddable":true,"href":"https:\/\/motokary-karting.sk\/cz\/wp-json\/wp\/v2\/product_tag?post=23420"}],"curies":[{"name":"wp","href":"https:\/\/api.w.org\/{rel}","templated":true}]}}