{"id":23487,"date":"2024-04-25T08:50:52","date_gmt":"2024-04-25T08:50:52","guid":{"rendered":"https:\/\/motokary-karting.sk\/?post_type=product&#038;p=23487"},"modified":"2024-06-14T08:49:37","modified_gmt":"2024-06-14T08:49:37","slug":"meric-tlaku-v-pneumatikach-profi-digital","status":"publish","type":"product","link":"https:\/\/motokary-karting.sk\/cz\/produkt\/tlakomer-pneu-profi-digital\/","title":{"rendered":"M\u011b\u0159i\u010d tlaku v pneumatik\u00e1ch PROFI DIGITAL"},"content":{"rendered":"<p>Velmi p\u0159esn\u011b m\u011b\u0159\u00ed tlak v rozsahu 0,1-10 bar\u016f.<\/p>","protected":false},"excerpt":{"rendered":"<p>Velmi p\u0159esn\u011b m\u011b\u0159\u00ed tlak v rozsahu 0,1-10 bar\u016f.<\/p>","protected":false},"featured_media":23488,"template":"","meta":[],"product_brand":[],"product_cat":[1142,3223,58],"product_tag":[142,1344,1218,1494,81,2694,2695,1219,560,561,564],"class_list":{"0":"post-23487","1":"product","2":"type-product","3":"status-publish","4":"has-post-thumbnail","6":"product_cat-prislusenstvo-pneumatiky","7":"product_cat-tlakomery-pneu","8":"product_cat-vybava-do-garaze","9":"product_tag-karting","10":"product_tag-karting-shop","11":"product_tag-merac-tlaku-pneu","12":"product_tag-motokarovy-obchod","13":"product_tag-motokary","14":"product_tag-obchod-s-motokarami","15":"product_tag-predajna-motokar-pezinok","16":"product_tag-profi-merac-tlaku-na-pneu","17":"product_tag-tlakomer","18":"product_tag-tlakomer-pneu","19":"product_tag-tyre-gauge","21":"first","22":"onbackorder","23":"taxable","24":"shipping-taxable","25":"purchasable","26":"product-type-simple","27":"customify-col"},"aioseo_notices":[],"_links":{"self":[{"href":"https:\/\/motokary-karting.sk\/cz\/wp-json\/wp\/v2\/product\/23487","targetHints":{"allow":["GET"]}}],"collection":[{"href":"https:\/\/motokary-karting.sk\/cz\/wp-json\/wp\/v2\/product"}],"about":[{"href":"https:\/\/motokary-karting.sk\/cz\/wp-json\/wp\/v2\/types\/product"}],"wp:featuredmedia":[{"embeddable":true,"href":"https:\/\/motokary-karting.sk\/cz\/wp-json\/wp\/v2\/media\/23488"}],"wp:attachment":[{"href":"https:\/\/motokary-karting.sk\/cz\/wp-json\/wp\/v2\/media?parent=23487"}],"wp:term":[{"taxonomy":"product_brand","embeddable":true,"href":"https:\/\/motokary-karting.sk\/cz\/wp-json\/wp\/v2\/product_brand?post=23487"},{"taxonomy":"product_cat","embeddable":true,"href":"https:\/\/motokary-karting.sk\/cz\/wp-json\/wp\/v2\/product_cat?post=23487"},{"taxonomy":"product_tag","embeddable":true,"href":"https:\/\/motokary-karting.sk\/cz\/wp-json\/wp\/v2\/product_tag?post=23487"}],"curies":[{"name":"wp","href":"https:\/\/api.w.org\/{rel}","templated":true}]}}