{"id":23646,"date":"2021-03-16T10:49:06","date_gmt":"2021-03-16T10:49:06","guid":{"rendered":"https:\/\/motokary-karting.sk\/?post_type=product&#038;p=23646"},"modified":"2026-04-30T07:47:53","modified_gmt":"2026-04-30T07:47:53","slug":"srouby-proti-demontazi-pneumatik-z-disku-stribrna-sada-12ks","status":"publish","type":"product","link":"https:\/\/motokary-karting.sk\/cz\/produkt\/skrutky-proti-vyzutiu-pneu-z-disku-strieborne-sada-12ks\/","title":{"rendered":"\u0160rouby disk\u016f st\u0159\u00edbrn\u00e9 | SADA 12 kus\u016f"},"content":{"rendered":"<p>z\u00e1vit M5<\/p>\n<p>v cen\u011b pe\u010deti<\/p>","protected":false},"excerpt":{"rendered":"<p>Z\u00e1vit M5 v cen\u011b t\u011bsn\u011bn\u00ed<\/p>","protected":false},"featured_media":23647,"template":"","meta":[],"product_brand":[],"product_cat":[209,271,1464,1465],"product_tag":[142,1344,2135,2192,81,2193,2194],"class_list":{"0":"post-23646","1":"product","2":"type-product","3":"status-publish","4":"has-post-thumbnail","6":"product_cat-disky-prislusenstvo","7":"product_cat-nahradne-diely-na-podvozky","8":"product_cat-predne","9":"product_cat-zadne","10":"product_tag-karting","11":"product_tag-karting-shop","12":"product_tag-matica-m8","13":"product_tag-matica-na-kolesa","14":"product_tag-motokary","15":"product_tag-skrutky-na-disky","16":"product_tag-srouby-proti-vyzuti-pneu","18":"first","19":"instock","20":"taxable","21":"shipping-taxable","22":"purchasable","23":"product-type-simple","24":"customify-col"},"aioseo_notices":[],"_links":{"self":[{"href":"https:\/\/motokary-karting.sk\/cz\/wp-json\/wp\/v2\/product\/23646","targetHints":{"allow":["GET"]}}],"collection":[{"href":"https:\/\/motokary-karting.sk\/cz\/wp-json\/wp\/v2\/product"}],"about":[{"href":"https:\/\/motokary-karting.sk\/cz\/wp-json\/wp\/v2\/types\/product"}],"wp:featuredmedia":[{"embeddable":true,"href":"https:\/\/motokary-karting.sk\/cz\/wp-json\/wp\/v2\/media\/23647"}],"wp:attachment":[{"href":"https:\/\/motokary-karting.sk\/cz\/wp-json\/wp\/v2\/media?parent=23646"}],"wp:term":[{"taxonomy":"product_brand","embeddable":true,"href":"https:\/\/motokary-karting.sk\/cz\/wp-json\/wp\/v2\/product_brand?post=23646"},{"taxonomy":"product_cat","embeddable":true,"href":"https:\/\/motokary-karting.sk\/cz\/wp-json\/wp\/v2\/product_cat?post=23646"},{"taxonomy":"product_tag","embeddable":true,"href":"https:\/\/motokary-karting.sk\/cz\/wp-json\/wp\/v2\/product_tag?post=23646"}],"curies":[{"name":"wp","href":"https:\/\/api.w.org\/{rel}","templated":true}]}}