{"id":237,"date":"2023-01-04T08:02:34","date_gmt":"2023-01-04T08:02:34","guid":{"rendered":"https:\/\/motokary-karting.sk\/?post_type=product&#038;p=237"},"modified":"2026-04-27T05:50:44","modified_gmt":"2026-04-27T05:50:44","slug":"alpinestars-ochrana-krku","status":"publish","type":"product","link":"https:\/\/motokary-karting.sk\/cz\/produkt\/alpinestars-ochrana-krku\/","title":{"rendered":"Ochrana krku Alpinestars"},"content":{"rendered":"<p>Velikost S\/M pro d\u011bti od 6 do 10 let<br \/>\nVelikost L \/ XL pro d\u011bti od 10 do 14 let<\/p>\n<p>Obl\u00edben\u00fd produkt!<\/p>","protected":false},"excerpt":{"rendered":"<p>Velikost S \/ M pro d\u011bti 6-10 let Velikost L \/ XL pro d\u011bti 10-14 let Obl\u00edben\u00fd produkt!<\/p>","protected":false},"featured_media":18051,"template":"","meta":[],"product_brand":[],"product_cat":[78,158,18],"product_tag":[79,1415,1417,2046,1728,142,1344,1709,81,80,1413,2045],"class_list":{"0":"post-237","1":"product","2":"type-product","3":"status-publish","4":"has-post-thumbnail","6":"product_cat-ochrana-krku","7":"product_cat-tip-na-darcek","8":"product_cat-vybava-pretekara","9":"product_tag-alpinestars","10":"product_tag-alpinestars-nakrcnik","11":"product_tag-alpinestars-neck-support-for-kids-10-14-years","12":"product_tag-detsky-nakrcnik","13":"product_tag-kart-shop","14":"product_tag-karting","15":"product_tag-karting-shop","16":"product_tag-motokarovy-nakrcnik","17":"product_tag-motokary","18":"product_tag-nakrcnik","19":"product_tag-nakrcnik-alpinestars","20":"product_tag-ochrana-krku-pre-deti","22":"first","23":"instock","24":"taxable","25":"shipping-taxable","26":"purchasable","27":"product-type-variable","28":"customify-col","29":"product-has-gallery"},"aioseo_notices":[],"_links":{"self":[{"href":"https:\/\/motokary-karting.sk\/cz\/wp-json\/wp\/v2\/product\/237","targetHints":{"allow":["GET"]}}],"collection":[{"href":"https:\/\/motokary-karting.sk\/cz\/wp-json\/wp\/v2\/product"}],"about":[{"href":"https:\/\/motokary-karting.sk\/cz\/wp-json\/wp\/v2\/types\/product"}],"wp:featuredmedia":[{"embeddable":true,"href":"https:\/\/motokary-karting.sk\/cz\/wp-json\/wp\/v2\/media\/18051"}],"wp:attachment":[{"href":"https:\/\/motokary-karting.sk\/cz\/wp-json\/wp\/v2\/media?parent=237"}],"wp:term":[{"taxonomy":"product_brand","embeddable":true,"href":"https:\/\/motokary-karting.sk\/cz\/wp-json\/wp\/v2\/product_brand?post=237"},{"taxonomy":"product_cat","embeddable":true,"href":"https:\/\/motokary-karting.sk\/cz\/wp-json\/wp\/v2\/product_cat?post=237"},{"taxonomy":"product_tag","embeddable":true,"href":"https:\/\/motokary-karting.sk\/cz\/wp-json\/wp\/v2\/product_tag?post=237"}],"curies":[{"name":"wp","href":"https:\/\/api.w.org\/{rel}","templated":true}]}}