{"id":23746,"date":"2024-08-02T16:13:42","date_gmt":"2024-08-02T16:13:42","guid":{"rendered":"https:\/\/motokary-karting.sk\/?post_type=product&#038;p=23746"},"modified":"2026-04-24T17:56:28","modified_gmt":"2026-04-24T17:56:28","slug":"olovena-vazba-na-sedadle","status":"publish","type":"product","link":"https:\/\/motokary-karting.sk\/cz\/produkt\/olovo-zavazie-na-sedadlo\/","title":{"rendered":"Olovo - z\u00e1va\u017e\u00ed pro dovoz"},"content":{"rendered":"","protected":false},"excerpt":{"rendered":"","protected":false},"featured_media":23747,"template":"","meta":[],"product_brand":[],"product_cat":[271,276],"product_tag":[142,1344,81,1336,3434,3288,3435,3292],"class_list":{"0":"post-23746","1":"product","2":"type-product","3":"status-publish","4":"has-post-thumbnail","6":"product_cat-nahradne-diely-na-podvozky","7":"product_cat-ostatne","8":"product_tag-karting","9":"product_tag-karting-shop","10":"product_tag-motokary","11":"product_tag-nahradne-diely-na-motokary","12":"product_tag-olovene-zavazie","13":"product_tag-olovo","14":"product_tag-olovo-na-motokary","15":"product_tag-zavazie","17":"first","18":"instock","19":"taxable","20":"shipping-taxable","21":"purchasable","22":"product-type-variable","23":"customify-col"},"aioseo_notices":[],"_links":{"self":[{"href":"https:\/\/motokary-karting.sk\/cz\/wp-json\/wp\/v2\/product\/23746","targetHints":{"allow":["GET"]}}],"collection":[{"href":"https:\/\/motokary-karting.sk\/cz\/wp-json\/wp\/v2\/product"}],"about":[{"href":"https:\/\/motokary-karting.sk\/cz\/wp-json\/wp\/v2\/types\/product"}],"wp:featuredmedia":[{"embeddable":true,"href":"https:\/\/motokary-karting.sk\/cz\/wp-json\/wp\/v2\/media\/23747"}],"wp:attachment":[{"href":"https:\/\/motokary-karting.sk\/cz\/wp-json\/wp\/v2\/media?parent=23746"}],"wp:term":[{"taxonomy":"product_brand","embeddable":true,"href":"https:\/\/motokary-karting.sk\/cz\/wp-json\/wp\/v2\/product_brand?post=23746"},{"taxonomy":"product_cat","embeddable":true,"href":"https:\/\/motokary-karting.sk\/cz\/wp-json\/wp\/v2\/product_cat?post=23746"},{"taxonomy":"product_tag","embeddable":true,"href":"https:\/\/motokary-karting.sk\/cz\/wp-json\/wp\/v2\/product_tag?post=23746"}],"curies":[{"name":"wp","href":"https:\/\/api.w.org\/{rel}","templated":true}]}}