{"id":23756,"date":"2024-08-05T09:34:23","date_gmt":"2024-08-05T09:34:23","guid":{"rendered":"https:\/\/motokary-karting.sk\/?post_type=product&#038;p=23756"},"modified":"2024-08-05T09:35:32","modified_gmt":"2024-08-05T09:35:32","slug":"horni-paka-zadni-brzdy-detske-motokary","status":"publish","type":"product","link":"https:\/\/motokary-karting.sk\/cz\/produkt\/drziak-zadnej-brzdy-top-kart-kid-kart\/","title":{"rendered":"Dr\u017e\u00e1k zadn\u00ed brzdy motok\u00e1ry Top-Kart KID"},"content":{"rendered":"","protected":false},"excerpt":{"rendered":"","protected":false},"featured_media":23757,"template":"","meta":[],"product_brand":[],"product_cat":[3199,3198],"product_tag":[3200,3202,142,2658,1344,81,3201,3203],"class_list":{"0":"post-23756","1":"product","2":"type-product","3":"status-publish","4":"has-post-thumbnail","6":"product_cat-brzdy-prislusenstvo-top-kart-nahradne-diely-na-podvozky","7":"product_cat-top-kart-nahradne-diely-na-podvozky","8":"product_tag-brzdove-platnicky-topkart","9":"product_tag-brzdove-platnicky-topkart-kidkart","10":"product_tag-karting","11":"product_tag-karting-pezinok","12":"product_tag-karting-shop","13":"product_tag-motokary","14":"product_tag-platnicky-topkart","15":"product_tag-platnicky-topkart-kidkart","17":"first","18":"instock","19":"taxable","20":"shipping-taxable","21":"purchasable","22":"product-type-simple","23":"customify-col"},"aioseo_notices":[],"_links":{"self":[{"href":"https:\/\/motokary-karting.sk\/cz\/wp-json\/wp\/v2\/product\/23756","targetHints":{"allow":["GET"]}}],"collection":[{"href":"https:\/\/motokary-karting.sk\/cz\/wp-json\/wp\/v2\/product"}],"about":[{"href":"https:\/\/motokary-karting.sk\/cz\/wp-json\/wp\/v2\/types\/product"}],"wp:featuredmedia":[{"embeddable":true,"href":"https:\/\/motokary-karting.sk\/cz\/wp-json\/wp\/v2\/media\/23757"}],"wp:attachment":[{"href":"https:\/\/motokary-karting.sk\/cz\/wp-json\/wp\/v2\/media?parent=23756"}],"wp:term":[{"taxonomy":"product_brand","embeddable":true,"href":"https:\/\/motokary-karting.sk\/cz\/wp-json\/wp\/v2\/product_brand?post=23756"},{"taxonomy":"product_cat","embeddable":true,"href":"https:\/\/motokary-karting.sk\/cz\/wp-json\/wp\/v2\/product_cat?post=23756"},{"taxonomy":"product_tag","embeddable":true,"href":"https:\/\/motokary-karting.sk\/cz\/wp-json\/wp\/v2\/product_tag?post=23756"}],"curies":[{"name":"wp","href":"https:\/\/api.w.org\/{rel}","templated":true}]}}