{"id":23831,"date":"2024-08-07T09:31:30","date_gmt":"2024-08-07T09:31:30","guid":{"rendered":"https:\/\/motokary-karting.sk\/?post_type=product&#038;p=23831"},"modified":"2025-04-17T18:17:22","modified_gmt":"2025-04-17T18:17:22","slug":"nosic-retezoveho-kola-30-mm","status":"publish","type":"product","link":"https:\/\/motokary-karting.sk\/cz\/produkt\/unasac-ozubeneho-kola-rozety-30mm\/","title":{"rendered":"Nosi\u010d p\u0159evodovky (ozuben\u00e9 kolo) 30 mm"},"content":{"rendered":"","protected":false},"excerpt":{"rendered":"","protected":false},"featured_media":23834,"template":"","meta":[],"product_brand":[],"product_cat":[399,271,648],"product_tag":[1728,142,1344,1494,81,1698,322,321],"class_list":{"0":"post-23831","1":"product","2":"type-product","3":"status-publish","4":"has-post-thumbnail","6":"product_cat-naboje-a-unasace","7":"product_cat-nahradne-diely-na-podvozky","8":"product_cat-o-30mm","9":"product_tag-kart-shop","10":"product_tag-karting","11":"product_tag-karting-shop","12":"product_tag-motokarovy-obchod","13":"product_tag-motokary","14":"product_tag-predajna-motokar","15":"product_tag-unasac-ozubeneho-kola","16":"product_tag-unasac-rozety","18":"first","19":"onbackorder","20":"taxable","21":"shipping-taxable","22":"purchasable","23":"product-type-variable","24":"customify-col"},"aioseo_notices":[],"_links":{"self":[{"href":"https:\/\/motokary-karting.sk\/cz\/wp-json\/wp\/v2\/product\/23831","targetHints":{"allow":["GET"]}}],"collection":[{"href":"https:\/\/motokary-karting.sk\/cz\/wp-json\/wp\/v2\/product"}],"about":[{"href":"https:\/\/motokary-karting.sk\/cz\/wp-json\/wp\/v2\/types\/product"}],"wp:featuredmedia":[{"embeddable":true,"href":"https:\/\/motokary-karting.sk\/cz\/wp-json\/wp\/v2\/media\/23834"}],"wp:attachment":[{"href":"https:\/\/motokary-karting.sk\/cz\/wp-json\/wp\/v2\/media?parent=23831"}],"wp:term":[{"taxonomy":"product_brand","embeddable":true,"href":"https:\/\/motokary-karting.sk\/cz\/wp-json\/wp\/v2\/product_brand?post=23831"},{"taxonomy":"product_cat","embeddable":true,"href":"https:\/\/motokary-karting.sk\/cz\/wp-json\/wp\/v2\/product_cat?post=23831"},{"taxonomy":"product_tag","embeddable":true,"href":"https:\/\/motokary-karting.sk\/cz\/wp-json\/wp\/v2\/product_tag?post=23831"}],"curies":[{"name":"wp","href":"https:\/\/api.w.org\/{rel}","templated":true}]}}