{"id":23835,"date":"2022-01-20T09:50:16","date_gmt":"2022-01-20T09:50:16","guid":{"rendered":"https:\/\/motokary-karting.sk\/?post_type=product&#038;p=23835"},"modified":"2024-08-07T09:51:37","modified_gmt":"2024-08-07T09:51:37","slug":"gumove-srouby-pro-kryt-zadniho-narazniku-o-vnejsim-prumeru-28-mm","status":"publish","type":"product","link":"https:\/\/motokary-karting.sk\/cz\/produkt\/guma-skrutky-pre-drziak-na-zadny-naraznik-28mm-vonk-priemer\/","title":{"rendered":"Gumov\u00e9 \u0161rouby pro dr\u017e\u00e1k zadn\u00edho n\u00e1razn\u00edku s vn\u011bj\u0161\u00edm pr\u016fm\u011brem 28 mm"},"content":{"rendered":"","protected":false},"excerpt":{"rendered":"","protected":false},"featured_media":19073,"template":"","meta":[],"product_brand":[],"product_cat":[271,184],"product_tag":[1983,1984,142,34,81,1981,1698,1985,1982,1986],"class_list":{"0":"post-23835","1":"product","2":"type-product","3":"status-publish","4":"has-post-thumbnail","6":"product_cat-nahradne-diely-na-podvozky","7":"product_cat-spojlery-prislusenstvo","8":"product_tag-drziakzadneho-naraznika-fia-cik","9":"product_tag-kart-sop","10":"product_tag-karting","11":"product_tag-motokara","12":"product_tag-motokary","13":"product_tag-poistka-na-zadny-naraznik","14":"product_tag-predajna-motokar","15":"product_tag-preteky-motokar","16":"product_tag-zavlacka-na-zadny-naraznik","17":"product_tag-zavody-motokar","19":"first","20":"instock","21":"taxable","22":"shipping-taxable","23":"purchasable","24":"product-type-simple","25":"customify-col"},"aioseo_notices":[],"_links":{"self":[{"href":"https:\/\/motokary-karting.sk\/cz\/wp-json\/wp\/v2\/product\/23835","targetHints":{"allow":["GET"]}}],"collection":[{"href":"https:\/\/motokary-karting.sk\/cz\/wp-json\/wp\/v2\/product"}],"about":[{"href":"https:\/\/motokary-karting.sk\/cz\/wp-json\/wp\/v2\/types\/product"}],"wp:featuredmedia":[{"embeddable":true,"href":"https:\/\/motokary-karting.sk\/cz\/wp-json\/wp\/v2\/media\/19073"}],"wp:attachment":[{"href":"https:\/\/motokary-karting.sk\/cz\/wp-json\/wp\/v2\/media?parent=23835"}],"wp:term":[{"taxonomy":"product_brand","embeddable":true,"href":"https:\/\/motokary-karting.sk\/cz\/wp-json\/wp\/v2\/product_brand?post=23835"},{"taxonomy":"product_cat","embeddable":true,"href":"https:\/\/motokary-karting.sk\/cz\/wp-json\/wp\/v2\/product_cat?post=23835"},{"taxonomy":"product_tag","embeddable":true,"href":"https:\/\/motokary-karting.sk\/cz\/wp-json\/wp\/v2\/product_tag?post=23835"}],"curies":[{"name":"wp","href":"https:\/\/api.w.org\/{rel}","templated":true}]}}