{"id":23944,"date":"2024-09-05T13:41:42","date_gmt":"2024-09-05T13:41:42","guid":{"rendered":"https:\/\/motokary-karting.sk\/?post_type=product&#038;p=23944"},"modified":"2026-02-11T10:35:46","modified_gmt":"2026-02-11T10:35:46","slug":"prilba-zamp-carbon-zr90","status":"publish","type":"product","link":"https:\/\/motokary-karting.sk\/cz\/produkt\/zamp-prilba-carbon-zr90\/","title":{"rendered":"P\u0159ilba ZAMP CARBON ZR90"},"content":{"rendered":"<p>Zcela nov\u00fd model ZR-90 z roku 2024 je certifikov\u00e1n podle FIA 8860-2018 a je vybaven \u0161pi\u010dkovou technologi\u00ed Autoclave Carbon. Tato superlehk\u00e1 sko\u0159epina, kterou ji\u017e pou\u017e\u00edvaj\u00ed p\u0159edn\u00ed z\u00e1vodn\u00edci v Evrop\u011b a po cel\u00e9m sv\u011bt\u011b, nab\u00edz\u00ed z\u00e1vodn\u00ed z\u00e1\u017eitek, kter\u00fd se nepodob\u00e1 \u017e\u00e1dn\u00e9 jin\u00e9 p\u0159ilb\u011b.<\/p>\n<p>Mezin\u00e1rodn\u00ed motoristick\u00fd sport obvykle vy\u017eaduje homologaci FIA 8860-2018, ale pokud jsou tyto p\u0159ilby vy\u0161\u0161\u00ed specifikace v r\u00e1mci va\u0161eho z\u00e1vodn\u00edho rozpo\u010dtu, v\u017edy je doporu\u010dujeme pro jejich ni\u017e\u0161\u00ed hmotnost, bezpe\u010dnost a celkov\u00fd v\u00fdkon.<\/p>\n<p>ZR 90 m\u00e1 v\u00fdrazn\u00fd design, kter\u00fd vyu\u017e\u00edv\u00e1 nejmen\u0161\u00ed a neju\u017e\u0161\u00ed sko\u0159epinu pro vytvo\u0159en\u00ed elegantn\u00ed a aerodynamick\u00e9 p\u0159ilby. V kombinaci s lehk\u00fdm karbonem je tak zaji\u0161t\u011bna pevn\u00e1 a stabiln\u00ed j\u00edzda i p\u0159i vysok\u00e9m p\u0159et\u00ed\u017een\u00ed.<\/p>\n<p>ZR 90 m\u00e1 tak\u00e9 vym\u011bniteln\u00e9 vnit\u0159n\u00ed v\u00fdstelky, vlo\u017eky M6 pro op\u011brky hlavy a krku a pr\u016fhledn\u00fd \u0161t\u00edt Z-24 proti zaml\u017eov\u00e1n\u00ed.<\/p>\n<p><strong>FIA 8860-2018<\/strong><\/p>","protected":false},"excerpt":{"rendered":"<p>Zcela nov\u00fd model ZR-90 z roku 2024 je certifikov\u00e1n podle FIA 8860-2018 a je vybaven \u0161pi\u010dkovou technologi\u00ed Autoclave Carbon. Tento superlehk\u00fd pl\u00e1\u0161\u0165, kter\u00fd ji\u017e pou\u017e\u00edvaj\u00ed p\u0159edn\u00ed z\u00e1vodn\u00edci...<\/p>","protected":false},"featured_media":23954,"template":"","meta":[],"product_brand":[],"product_cat":[21,18,3342],"product_tag":[142,1344,3343,977,984,81,3344,985,3347,3345,3346],"class_list":{"0":"post-23944","1":"product","2":"type-product","3":"status-publish","4":"has-post-thumbnail","6":"product_cat-prilby","7":"product_cat-vybava-pretekara","8":"product_cat-zamp-helmets","9":"product_tag-karting","10":"product_tag-karting-shop","11":"product_tag-kartingova-prilba","12":"product_tag-lewis-hamilton","13":"product_tag-motokarova-prilba","14":"product_tag-motokary","15":"product_tag-prilba-na-karting","16":"product_tag-prilba-na-motokary","17":"product_tag-prilba-zamp","18":"product_tag-zamp-helmets","19":"product_tag-zamp-prilby","21":"first","22":"onbackorder","23":"sale","24":"taxable","25":"shipping-taxable","26":"purchasable","27":"product-type-variable","28":"customify-col","29":"product-has-gallery"},"aioseo_notices":[],"_links":{"self":[{"href":"https:\/\/motokary-karting.sk\/cz\/wp-json\/wp\/v2\/product\/23944","targetHints":{"allow":["GET"]}}],"collection":[{"href":"https:\/\/motokary-karting.sk\/cz\/wp-json\/wp\/v2\/product"}],"about":[{"href":"https:\/\/motokary-karting.sk\/cz\/wp-json\/wp\/v2\/types\/product"}],"wp:featuredmedia":[{"embeddable":true,"href":"https:\/\/motokary-karting.sk\/cz\/wp-json\/wp\/v2\/media\/23954"}],"wp:attachment":[{"href":"https:\/\/motokary-karting.sk\/cz\/wp-json\/wp\/v2\/media?parent=23944"}],"wp:term":[{"taxonomy":"product_brand","embeddable":true,"href":"https:\/\/motokary-karting.sk\/cz\/wp-json\/wp\/v2\/product_brand?post=23944"},{"taxonomy":"product_cat","embeddable":true,"href":"https:\/\/motokary-karting.sk\/cz\/wp-json\/wp\/v2\/product_cat?post=23944"},{"taxonomy":"product_tag","embeddable":true,"href":"https:\/\/motokary-karting.sk\/cz\/wp-json\/wp\/v2\/product_tag?post=23944"}],"curies":[{"name":"wp","href":"https:\/\/api.w.org\/{rel}","templated":true}]}}