{"id":23960,"date":"2024-09-06T12:22:27","date_gmt":"2024-09-06T12:22:27","guid":{"rendered":"https:\/\/motokary-karting.sk\/?post_type=product&#038;p=23960"},"modified":"2026-03-22T11:02:36","modified_gmt":"2026-03-22T11:02:36","slug":"laserovy-serizovac-pro-retezovou-frezu-typu-219","status":"publish","type":"product","link":"https:\/\/motokary-karting.sk\/cz\/produkt\/laserovyz-zarovnavac-retaze-na-retaz-typu-219\/","title":{"rendered":"Laserov\u00e9 se\u0159izov\u00e1n\u00ed \u0159et\u011bz\u016f"},"content":{"rendered":"<p>Dokonale se\u0159i\u010fte \u0159et\u011bzy a \u0159et\u011bzov\u00e1 kola, abyste zajistili dlouhou \u017eivotnost sou\u010d\u00e1st\u00ed a p\u0159ede\u0161li selh\u00e1n\u00ed \u0159et\u011bzu a sn\u00ed\u017eili odpor v ko\u0148sk\u00fdch sil\u00e1ch.<br \/>\nNezbytn\u00fd n\u00e1stroj pro ka\u017ed\u00e9ho \u0159idi\u010de: nejrychlej\u0161\u00ed a nejjednodu\u0161\u0161\u00ed zp\u016fsob nastaven\u00ed p\u0159evodov\u00e9ho stupn\u011b.<br \/>\nN\u00e1stroj jednodu\u0161e p\u0159ipevn\u00edte na zadn\u00ed \u0159et\u011bzov\u00e9 kolo, zapnete jej a na p\u0159edn\u00edm \u0159et\u011bzov\u00e9m kole se rozsv\u00edt\u00ed laserov\u00fd bod.<\/p>","protected":false},"excerpt":{"rendered":"<p>Dokonale se\u0159i\u010fte \u0159et\u011bzy a \u0159et\u011bzov\u00e1 kola, abyste zajistili dlouhou \u017eivotnost sou\u010d\u00e1st\u00ed a p\u0159ede\u0161li selh\u00e1n\u00ed \u0159et\u011bzu a sn\u00ed\u017eili odpor v ko\u0148sk\u00fdch sil\u00e1ch. Nezbytn\u00fd n\u00e1stroj pro...<\/p>","protected":false},"featured_media":28497,"template":"","meta":[],"product_brand":[],"product_cat":[3350,58],"product_tag":[142,81,572,573,574],"class_list":{"0":"post-23960","1":"product","2":"type-product","3":"status-publish","4":"has-post-thumbnail","6":"product_cat-pripravky","7":"product_cat-vybava-do-garaze","8":"product_tag-karting","9":"product_tag-motokary","10":"product_tag-puller","11":"product_tag-puller-for-chain","12":"product_tag-puller-for-chain-219","14":"first","15":"onbackorder","16":"taxable","17":"shipping-taxable","18":"purchasable","19":"product-type-variable","20":"customify-col"},"aioseo_notices":[],"_links":{"self":[{"href":"https:\/\/motokary-karting.sk\/cz\/wp-json\/wp\/v2\/product\/23960","targetHints":{"allow":["GET"]}}],"collection":[{"href":"https:\/\/motokary-karting.sk\/cz\/wp-json\/wp\/v2\/product"}],"about":[{"href":"https:\/\/motokary-karting.sk\/cz\/wp-json\/wp\/v2\/types\/product"}],"wp:featuredmedia":[{"embeddable":true,"href":"https:\/\/motokary-karting.sk\/cz\/wp-json\/wp\/v2\/media\/28497"}],"wp:attachment":[{"href":"https:\/\/motokary-karting.sk\/cz\/wp-json\/wp\/v2\/media?parent=23960"}],"wp:term":[{"taxonomy":"product_brand","embeddable":true,"href":"https:\/\/motokary-karting.sk\/cz\/wp-json\/wp\/v2\/product_brand?post=23960"},{"taxonomy":"product_cat","embeddable":true,"href":"https:\/\/motokary-karting.sk\/cz\/wp-json\/wp\/v2\/product_cat?post=23960"},{"taxonomy":"product_tag","embeddable":true,"href":"https:\/\/motokary-karting.sk\/cz\/wp-json\/wp\/v2\/product_tag?post=23960"}],"curies":[{"name":"wp","href":"https:\/\/api.w.org\/{rel}","templated":true}]}}