{"id":23973,"date":"2024-09-10T11:51:01","date_gmt":"2024-09-10T11:51:01","guid":{"rendered":"https:\/\/motokary-karting.sk\/?post_type=product&#038;p=23973"},"modified":"2024-10-08T08:20:50","modified_gmt":"2024-10-08T08:20:50","slug":"tryskaci-sada-schuberth-plexi","status":"publish","type":"product","link":"https:\/\/motokary-karting.sk\/cz\/produkt\/schuberth-srobovacia-sada-na-plexi\/","title":{"rendered":"Sada kov\u00e1n\u00ed Schuberth z plexiskla"},"content":{"rendered":"<p>Hod\u00ed se na p\u0159ilby:<\/p>\n<p>SF3 ABP<\/p>\n<p>SF4<\/p>\n<p>SK1<\/p>\n<p>SP1<\/p>","protected":false},"excerpt":{"rendered":"<p>Vhodn\u00e9 pro p\u0159ilby: SF3 ABP SF4 SK1 SP1<\/p>","protected":false},"featured_media":23974,"template":"","meta":[],"product_brand":[],"product_cat":[3317],"product_tag":[1344,3314,954,3312,3313,3315,3311,3310],"class_list":{"0":"post-23973","1":"product","2":"type-product","3":"status-publish","4":"has-post-thumbnail","6":"product_cat-schuberth-prislusenstvi","7":"product_tag-karting-shop","8":"product_tag-mokokarova-prilba-schuberth","9":"product_tag-motokar","10":"product_tag-prilba-schuberth","11":"product_tag-prilba-schuberth-karting","12":"product_tag-schuberth-ccarbon-helmet","13":"product_tag-schuberth-prilba","14":"product_tag-schuberth-prilba-sk1-carbon-karting","16":"first","17":"onbackorder","18":"taxable","19":"shipping-taxable","20":"purchasable","21":"product-type-simple","22":"customify-col"},"aioseo_notices":[],"_links":{"self":[{"href":"https:\/\/motokary-karting.sk\/cz\/wp-json\/wp\/v2\/product\/23973","targetHints":{"allow":["GET"]}}],"collection":[{"href":"https:\/\/motokary-karting.sk\/cz\/wp-json\/wp\/v2\/product"}],"about":[{"href":"https:\/\/motokary-karting.sk\/cz\/wp-json\/wp\/v2\/types\/product"}],"wp:featuredmedia":[{"embeddable":true,"href":"https:\/\/motokary-karting.sk\/cz\/wp-json\/wp\/v2\/media\/23974"}],"wp:attachment":[{"href":"https:\/\/motokary-karting.sk\/cz\/wp-json\/wp\/v2\/media?parent=23973"}],"wp:term":[{"taxonomy":"product_brand","embeddable":true,"href":"https:\/\/motokary-karting.sk\/cz\/wp-json\/wp\/v2\/product_brand?post=23973"},{"taxonomy":"product_cat","embeddable":true,"href":"https:\/\/motokary-karting.sk\/cz\/wp-json\/wp\/v2\/product_cat?post=23973"},{"taxonomy":"product_tag","embeddable":true,"href":"https:\/\/motokary-karting.sk\/cz\/wp-json\/wp\/v2\/product_tag?post=23973"}],"curies":[{"name":"wp","href":"https:\/\/api.w.org\/{rel}","templated":true}]}}