{"id":24011,"date":"2024-09-16T12:24:33","date_gmt":"2024-09-16T12:24:33","guid":{"rendered":"https:\/\/motokary-karting.sk\/?post_type=product&#038;p=24011"},"modified":"2026-03-27T11:06:06","modified_gmt":"2026-03-27T11:06:06","slug":"vrchni-spoiler-zamp-pro-horni-vetraci-otvor-prilby","status":"publish","type":"product","link":"https:\/\/motokary-karting.sk\/cz\/produkt\/zamp-horny-spojler-na-prilbu-top-vent\/","title":{"rendered":"Horn\u00ed spoiler p\u0159ilby ZAMP - TOP VENT"},"content":{"rendered":"<p>Top Vent Scoop Clear lze namontovat na v\u0161echny p\u0159ilby RZ z \u0159ady Zamp, kter\u00e9 jsou vybaveny syst\u00e9mem horn\u00edho p\u0159\u00edvodu vzduchu. Tuto lehkou a snadno instalovatelnou horn\u00ed lopatku lze zakoupit se z\u00e1tkou nebo bez n\u00ed, aby se zabr\u00e1nilo vniknut\u00ed vzduchu a vody do p\u0159ilby.<\/p>\n<p>&nbsp;<\/p>\n<p>Pokud si nejste jisti, zda je va\u0161e p\u0159ilba kompatibiln\u00ed se syst\u00e9mem Top Vent Scoop, kontaktujte pros\u00edm \u010dlena t\u00fdmu a my v\u00e1m v\u0161e vysv\u011btl\u00edme.<\/p>","protected":false},"excerpt":{"rendered":"<p>Top Vent Scoop Clear lze namontovat na v\u0161echny p\u0159ilby RZ z \u0159ady Zamp, kter\u00e9 jsou vybaveny syst\u00e9mem horn\u00edho p\u0159\u00edvodu vzduchu. Tento lehk\u00fd a snadno instalovateln\u00fd...<\/p>","protected":false},"featured_media":24012,"template":"","meta":[],"product_brand":[],"product_cat":[18,3348],"product_tag":[142,1344,81,1670,1669,2939,2940],"class_list":{"0":"post-24011","1":"product","2":"type-product","3":"status-publish","4":"has-post-thumbnail","6":"product_cat-vybava-pretekara","7":"product_cat-zamp-prislusenstvo","8":"product_tag-karting","9":"product_tag-karting-shop","10":"product_tag-motokary","11":"product_tag-prilba-stilo","12":"product_tag-stilo-prilby","13":"product_tag-stilo-zadny-spojler","14":"product_tag-zadny-spojler-stilo","16":"first","17":"onbackorder","18":"taxable","19":"shipping-taxable","20":"purchasable","21":"product-type-simple","22":"customify-col"},"aioseo_notices":[],"_links":{"self":[{"href":"https:\/\/motokary-karting.sk\/cz\/wp-json\/wp\/v2\/product\/24011","targetHints":{"allow":["GET"]}}],"collection":[{"href":"https:\/\/motokary-karting.sk\/cz\/wp-json\/wp\/v2\/product"}],"about":[{"href":"https:\/\/motokary-karting.sk\/cz\/wp-json\/wp\/v2\/types\/product"}],"wp:featuredmedia":[{"embeddable":true,"href":"https:\/\/motokary-karting.sk\/cz\/wp-json\/wp\/v2\/media\/24012"}],"wp:attachment":[{"href":"https:\/\/motokary-karting.sk\/cz\/wp-json\/wp\/v2\/media?parent=24011"}],"wp:term":[{"taxonomy":"product_brand","embeddable":true,"href":"https:\/\/motokary-karting.sk\/cz\/wp-json\/wp\/v2\/product_brand?post=24011"},{"taxonomy":"product_cat","embeddable":true,"href":"https:\/\/motokary-karting.sk\/cz\/wp-json\/wp\/v2\/product_cat?post=24011"},{"taxonomy":"product_tag","embeddable":true,"href":"https:\/\/motokary-karting.sk\/cz\/wp-json\/wp\/v2\/product_tag?post=24011"}],"curies":[{"name":"wp","href":"https:\/\/api.w.org\/{rel}","templated":true}]}}