{"id":24383,"date":"2024-10-21T09:04:56","date_gmt":"2024-10-21T09:04:56","guid":{"rendered":"https:\/\/motokary-karting.sk\/?post_type=product&#038;p=24383"},"modified":"2026-04-13T18:31:32","modified_gmt":"2026-04-13T18:31:32","slug":"brasna-na-zavodni-prilbu","status":"publish","type":"product","link":"https:\/\/motokary-karting.sk\/cz\/produkt\/racewear-taska-na-prilbu\/","title":{"rendered":"Bra\u0161na na helmu Racewear"},"content":{"rendered":"<p>Chcete m\u00edt svou p\u0159ilbu v bezpe\u010d\u00ed mezi z\u00e1vody? Bra\u0161na RACEWEAR m\u00e1 jednoduch\u00fd a atraktivn\u00ed design v \u010dern\u00e9 barv\u011b. Ide\u00e1ln\u00ed dopln\u011bk pro ka\u017ed\u00e9ho majitele p\u0159ilby v\u0161ech zna\u010dek.<\/p>","protected":false},"excerpt":{"rendered":"<p>Chcete m\u00edt svou p\u0159ilbu v bezpe\u010d\u00ed mezi z\u00e1vody? Bra\u0161na RACEWEAR m\u00e1 jednoduch\u00fd a atraktivn\u00ed design v \u010dern\u00e9 barv\u011b. Ide\u00e1ln\u00ed dopln\u011bk pro ka\u017ed\u00e9ho majitele p\u0159ilby v\u0161ech zna\u010dek.<\/p>","protected":false},"featured_media":24385,"template":"","meta":[],"product_brand":[],"product_cat":[32,734,1579,158],"product_tag":[1728,142,81,1851,1853,26,1854,1755,1852,728],"class_list":{"0":"post-24383","1":"product","2":"type-product","3":"status-publish","4":"has-post-thumbnail","6":"product_cat-lifestyle-oblecenie-a-produkty-na-volny-cas","7":"product_cat-ruksaky-tasky-na-prilby","8":"product_cat-tasky-na-prilby","9":"product_cat-tip-na-darcek","10":"product_tag-kart-shop","11":"product_tag-karting","12":"product_tag-motokary","13":"product_tag-oba-lan-prilbu","14":"product_tag-obal-na-prilbu-sparco","15":"product_tag-sparco","16":"product_tag-sparco-obal-na-prilbu","17":"product_tag-sparco-shop","18":"product_tag-sparco-taska-na-prilbu","19":"product_tag-taska-na-helmu","21":"first","22":"instock","23":"taxable","24":"shipping-taxable","25":"purchasable","26":"product-type-simple","27":"customify-col","28":"product-has-gallery"},"aioseo_notices":[],"_links":{"self":[{"href":"https:\/\/motokary-karting.sk\/cz\/wp-json\/wp\/v2\/product\/24383","targetHints":{"allow":["GET"]}}],"collection":[{"href":"https:\/\/motokary-karting.sk\/cz\/wp-json\/wp\/v2\/product"}],"about":[{"href":"https:\/\/motokary-karting.sk\/cz\/wp-json\/wp\/v2\/types\/product"}],"wp:featuredmedia":[{"embeddable":true,"href":"https:\/\/motokary-karting.sk\/cz\/wp-json\/wp\/v2\/media\/24385"}],"wp:attachment":[{"href":"https:\/\/motokary-karting.sk\/cz\/wp-json\/wp\/v2\/media?parent=24383"}],"wp:term":[{"taxonomy":"product_brand","embeddable":true,"href":"https:\/\/motokary-karting.sk\/cz\/wp-json\/wp\/v2\/product_brand?post=24383"},{"taxonomy":"product_cat","embeddable":true,"href":"https:\/\/motokary-karting.sk\/cz\/wp-json\/wp\/v2\/product_cat?post=24383"},{"taxonomy":"product_tag","embeddable":true,"href":"https:\/\/motokary-karting.sk\/cz\/wp-json\/wp\/v2\/product_tag?post=24383"}],"curies":[{"name":"wp","href":"https:\/\/api.w.org\/{rel}","templated":true}]}}