{"id":24811,"date":"2024-11-30T09:43:48","date_gmt":"2024-11-30T09:43:48","guid":{"rendered":"https:\/\/motokary-karting.sk\/?post_type=product&#038;p=24811"},"modified":"2026-01-28T18:14:44","modified_gmt":"2026-01-28T18:14:44","slug":"alpinestars-rukavice-tech-1k-race-v2-pure","status":"publish","type":"product","link":"https:\/\/motokary-karting.sk\/cz\/produkt\/alpinestars-rukavice-tech-1k-race-v2-pure\/","title":{"rendered":"Rukavice Alpinestars Tech 1k Race v2 PURE"},"content":{"rendered":"<p>D\u00edky sv\u00e9 n\u00edzk\u00e9 hmotnosti a pru\u017en\u00e9mu materi\u00e1lu nab\u00edz\u00ed TECH 1K RACE v2 pohodl\u00ed a v\u00fdkon pro ka\u017ed\u00e9ho pilota motok\u00e1ry. P\u0159edtvarovan\u00e1 konstrukce z\u00e1kladny podporuje p\u0159il\u00e9havost a z\u00e1rove\u0148 sni\u017euje ma\u010dkavost materi\u00e1lu. Nov\u00fd ergonomicky st\u0159i\u017een\u00fd design rukojeti pro lep\u0161\u00ed pocit, odolnost, pohyblivost a \u00fachop. K dispozici v p\u011bti modern\u00edch proveden\u00edch z\u00e1kladny.<\/p>\n<p>D\u011btsk\u00e9 velikosti jsou k dispozici pouze v \u010dervenob\u00edl\u00e9, \u017elut\u00e9 a \u0161ed\u00e9 barv\u011b.<\/p>","protected":false},"excerpt":{"rendered":"<p>D\u00edky sv\u00e9 n\u00edzk\u00e9 hmotnosti a pru\u017en\u00e9mu materi\u00e1lu nab\u00edz\u00ed TECH 1K RACE v2 pohodl\u00ed a v\u00fdkon pro ka\u017ed\u00e9ho pilota motok\u00e1ry. P\u0159edtvarovan\u00e1 konstrukce z\u00e1kladny podporuje p\u0159il\u00e9havost a z\u00e1rove\u0148...<\/p>","protected":false},"featured_media":24821,"template":"","meta":[],"product_brand":[],"product_cat":[82,15,18],"product_tag":[3268,2797,142,34,1084,2121,81,2796,3267,1083],"class_list":{"0":"post-24811","1":"product","2":"type-product","3":"status-publish","4":"has-post-thumbnail","6":"product_cat-alpinestars","7":"product_cat-rukavice","8":"product_cat-vybava-pretekara","9":"product_tag-alpinestars-one-vision","10":"product_tag-alpinestars-rukavice","11":"product_tag-karting","12":"product_tag-motokara","13":"product_tag-motokarove-rukavice","14":"product_tag-motokarx","15":"product_tag-motokary","16":"product_tag-rukavice-alpinestars","17":"product_tag-rukavice-alpinestars-on-vision","18":"product_tag-rukavice-na-motokary","20":"first","21":"instock","22":"taxable","23":"shipping-taxable","24":"purchasable","25":"product-type-variable","26":"customify-col","27":"product-has-gallery"},"aioseo_notices":[],"_links":{"self":[{"href":"https:\/\/motokary-karting.sk\/cz\/wp-json\/wp\/v2\/product\/24811","targetHints":{"allow":["GET"]}}],"collection":[{"href":"https:\/\/motokary-karting.sk\/cz\/wp-json\/wp\/v2\/product"}],"about":[{"href":"https:\/\/motokary-karting.sk\/cz\/wp-json\/wp\/v2\/types\/product"}],"wp:featuredmedia":[{"embeddable":true,"href":"https:\/\/motokary-karting.sk\/cz\/wp-json\/wp\/v2\/media\/24821"}],"wp:attachment":[{"href":"https:\/\/motokary-karting.sk\/cz\/wp-json\/wp\/v2\/media?parent=24811"}],"wp:term":[{"taxonomy":"product_brand","embeddable":true,"href":"https:\/\/motokary-karting.sk\/cz\/wp-json\/wp\/v2\/product_brand?post=24811"},{"taxonomy":"product_cat","embeddable":true,"href":"https:\/\/motokary-karting.sk\/cz\/wp-json\/wp\/v2\/product_cat?post=24811"},{"taxonomy":"product_tag","embeddable":true,"href":"https:\/\/motokary-karting.sk\/cz\/wp-json\/wp\/v2\/product_tag?post=24811"}],"curies":[{"name":"wp","href":"https:\/\/api.w.org\/{rel}","templated":true}]}}