{"id":24977,"date":"2024-11-30T15:37:21","date_gmt":"2024-11-30T15:37:21","guid":{"rendered":"https:\/\/motokary-karting.sk\/?post_type=product&#038;p=24977"},"modified":"2026-04-07T09:34:20","modified_gmt":"2026-04-07T09:34:20","slug":"rukavice-se-sipy-sparco","status":"publish","type":"product","link":"https:\/\/motokary-karting.sk\/cz\/produkt\/sparco-rukavice-k-arrow\/","title":{"rendered":"Rukavice Sparco K-ARROW+"},"content":{"rendered":"<p>Motok\u00e1rov\u00e9 rukavice Sparco K-ARROW+ jsou d\u00e1le vyvinutou verz\u00ed obl\u00edben\u00fdch rukavic Sparco Arrow K, kter\u00e9 jsou nyn\u00ed homologov\u00e1ny podle nejnov\u011bj\u0161\u00ed motok\u00e1rov\u00e9 normy FIA 8877-2022. D\u00edky \u010d\u00e1ste\u010dn\u00e9mu potahu Sparco HTX v p\u0159edtvarovan\u00e9 dlani rukavice nab\u00edz\u00ed optim\u00e1ln\u00ed p\u0159ilnavost k volantu. Extr\u00e9mn\u011b prody\u0161n\u00fd vrchn\u00ed materi\u00e1l z perforovan\u00e9 vo\u0161tinov\u00e9 tkaniny zaru\u010duje vysokou \u00farove\u0148 pohodl\u00ed, zat\u00edmco vn\u011bj\u0161\u00ed \u0161vy a elastick\u00fd materi\u00e1l na h\u0159betu ruky zaji\u0161\u0165uj\u00ed dokonal\u00e9 p\u0159izp\u016fsoben\u00ed a dal\u0161\u00ed pohodl\u00ed.<\/p>\n<p>Standard FIA: 8877-2022<\/p>","protected":false},"excerpt":{"rendered":"<p>Motok\u00e1rov\u00e9 rukavice Sparco K-ARROW+ jsou d\u00e1le vyvinutou verz\u00ed obl\u00edben\u00fdch rukavic Sparco Arrow K, kter\u00e9 jsou nyn\u00ed homologov\u00e1ny podle nejnov\u011bj\u0161\u00ed motok\u00e1rov\u00e9 normy FIA 8877-2022. D\u00edky \u010d\u00e1ste\u010dn\u00e9 povrchov\u00e9 \u00faprav\u011b jsou...<\/p>","protected":false},"featured_media":25010,"template":"","meta":[],"product_brand":[],"product_cat":[15,93,18],"product_tag":[3446,3445,3443,142,1344,1084,81,97,83,1083,3444,472,1086,2095,26,2772,2773,3364,1081,2096],"class_list":{"0":"post-24977","1":"product","2":"type-product","3":"status-publish","4":"has-post-thumbnail","6":"product_cat-rukavice","7":"product_cat-sparco","8":"product_cat-vybava-pretekara","9":"product_tag-fia-cik-rukavice","10":"product_tag-fia-rukavice","11":"product_tag-homologovane-rukavice","12":"product_tag-karting","13":"product_tag-karting-shop","14":"product_tag-motokarove-rukavice","15":"product_tag-motokary","16":"product_tag-record","17":"product_tag-rukavice","18":"product_tag-rukavice-na-motokary","19":"product_tag-rukavice-na-motokary-cik-fia","20":"product_tag-rukavice-sparco","21":"product_tag-rukavice-sparco-record","22":"product_tag-rukavice-sparco-roceord","23":"product_tag-sparco","24":"product_tag-sparco-arrow-k","25":"product_tag-sparco-arrow-k-rukavice","26":"product_tag-sparco-k-arrow","27":"product_tag-sparco-record","28":"product_tag-sparco-record-rukavice","30":"first","31":"instock","32":"taxable","33":"shipping-taxable","34":"purchasable","35":"product-type-variable","36":"customify-col","37":"product-has-gallery"},"aioseo_notices":[],"_links":{"self":[{"href":"https:\/\/motokary-karting.sk\/cz\/wp-json\/wp\/v2\/product\/24977","targetHints":{"allow":["GET"]}}],"collection":[{"href":"https:\/\/motokary-karting.sk\/cz\/wp-json\/wp\/v2\/product"}],"about":[{"href":"https:\/\/motokary-karting.sk\/cz\/wp-json\/wp\/v2\/types\/product"}],"wp:featuredmedia":[{"embeddable":true,"href":"https:\/\/motokary-karting.sk\/cz\/wp-json\/wp\/v2\/media\/25010"}],"wp:attachment":[{"href":"https:\/\/motokary-karting.sk\/cz\/wp-json\/wp\/v2\/media?parent=24977"}],"wp:term":[{"taxonomy":"product_brand","embeddable":true,"href":"https:\/\/motokary-karting.sk\/cz\/wp-json\/wp\/v2\/product_brand?post=24977"},{"taxonomy":"product_cat","embeddable":true,"href":"https:\/\/motokary-karting.sk\/cz\/wp-json\/wp\/v2\/product_cat?post=24977"},{"taxonomy":"product_tag","embeddable":true,"href":"https:\/\/motokary-karting.sk\/cz\/wp-json\/wp\/v2\/product_tag?post=24977"}],"curies":[{"name":"wp","href":"https:\/\/api.w.org\/{rel}","templated":true}]}}